{"id":23800,"date":"2020-09-03T21:21:59","date_gmt":"2020-09-03T19:21:59","guid":{"rendered":"https:\/\/sharp-galois.217-154-146-230.plesk.page\/price-list\/"},"modified":"2021-10-21T09:57:16","modified_gmt":"2021-10-21T07:57:16","slug":"price-list","status":"publish","type":"page","link":"https:\/\/sharp-galois.217-154-146-230.plesk.page\/en\/price-list\/","title":{"rendered":"Price list"},"content":{"rendered":"\n<h4 class=\"uk-margin-large-top wp-block-heading\" id=\"h-traitements-visage\">Facial treatments<\/h4>\n<figure class=\"wp-block-table pricing_table is-style-stripes\"><table class=\"has-fixed-layout uk-table uk-table-divider\"><thead><tr><th class=\"has-text-align-left\" data-align=\"left\">Treatments<\/th><th class=\"has-text-align-left\" data-align=\"left\">Prices<\/th><\/tr><\/thead><tbody><tr><td class=\"has-text-align-left\" data-align=\"left\">Hyaluronic acid injections<\/td><td class=\"has-text-align-left\" data-align=\"left\">starting at &euro;360 per syringe<\/td><\/tr><tr><td class=\"has-text-align-left\" data-align=\"left\">Botox&reg; injections<\/td><td class=\"has-text-align-left\" data-align=\"left\">starting at &euro;360 per syringe<\/td><\/tr><tr><td class=\"has-text-align-left\" data-align=\"left\">Skinboosters&reg;<\/td><td class=\"has-text-align-left\" data-align=\"left\">&euro;250 per syringe<\/td><\/tr><tr><td class=\"has-text-align-left\" data-align=\"left\">Mesotherapy<\/td><td class=\"has-text-align-left\" data-align=\"left\">&euro;200 per session<\/td><\/tr><tr><td class=\"has-text-align-left\" data-align=\"left\">Peel<\/td><td class=\"has-text-align-left\" data-align=\"left\">starting at &euro;220 per session<\/td><\/tr><tr><td class=\"has-text-align-left\" data-align=\"left\">Lifting threads<\/td><td class=\"has-text-align-left\" data-align=\"left\">starting at &euro;900 for 4 threads<\/td><\/tr><tr><td class=\"has-text-align-left\" data-align=\"left\">Hydrafacial&reg;<\/td><td class=\"has-text-align-left\" data-align=\"left\">starting at &euro;180 per session<\/td><\/tr><\/tbody><\/table><\/figure>\n\n<h4 class=\"uk-margin-large-top wp-block-heading\" id=\"h-traitements-laser\">Laser treatments<\/h4>\n<figure class=\"wp-block-table pricing_table is-style-stripes\"><table class=\"has-fixed-layout uk-table uk-table-divider\"><thead><tr><th class=\"has-text-align-left\" data-align=\"left\"><strong>Treatments<\/strong><\/th><th class=\"has-text-align-left\" data-align=\"left\"><strong>Prices<\/strong><\/th><\/tr><\/thead><tbody><tr><td class=\"has-text-align-left\" data-align=\"left\">Fraxel&reg; laser      <\/td><td class=\"has-text-align-left\" data-align=\"left\">starting at &euro;500 per session <\/td><\/tr><tr><td class=\"has-text-align-left\" data-align=\"left\">Fractional CO2 laser<\/td><td class=\"has-text-align-left\" data-align=\"left\">starting at &euro;400 per session<\/td><\/tr><tr><td class=\"has-text-align-left\" data-align=\"left\">Laser hair removal<\/td><td class=\"has-text-align-left\" data-align=\"left\"><a href=\"https:\/\/sharp-galois.217-154-146-230.plesk.page\/en\/treatments\/permanent-laser-hair-removal\/#h-zones-trait-es-et-tarifs-pour-l-pilation-d-finitive-au-laser\"><strong>All our laser hair removal prices<\/strong><\/a><\/td><\/tr><tr><td class=\"has-text-align-left\" data-align=\"left\">Discovery pico&reg; tattoo removal laser<\/td><td class=\"has-text-align-left\" data-align=\"left\">starting at &euro;60 per session<\/td><\/tr><tr><td class=\"has-text-align-left\" data-align=\"left\">LaseMD&reg;<\/td><td class=\"has-text-align-left\" data-align=\"left\">&euro;360 per session<\/td><\/tr><\/tbody><\/table><\/figure>\n\n<h4 class=\"uk-margin-large-top wp-block-heading\" id=\"h-traitements-corps\">Body treatments<\/h4>\n<figure class=\"wp-block-table pricing_table is-style-stripes\"><table class=\"has-fixed-layout uk-table uk-table-divider\"><thead><tr><th class=\"has-text-align-left\" data-align=\"left\"><strong>Treatments<\/strong><\/th><th class=\"has-text-align-left\" data-align=\"left\"><strong>Prices<\/strong><\/th><\/tr><\/thead><tbody><tr><td class=\"has-text-align-left\" data-align=\"left\">Cryolipolysis<\/td><td class=\"has-text-align-left\" data-align=\"left\">starting at &euro;360 per applicator<\/td><\/tr><tr><td class=\"has-text-align-left\" data-align=\"left\">Coolsculpting&reg;<\/td><td class=\"has-text-align-left\" data-align=\"left\">starting at &euro;450 per applicator<\/td><\/tr><tr><td class=\"has-text-align-left\" data-align=\"left\">Emsculpt&reg;<\/td><td class=\"has-text-align-left\" data-align=\"left\">starting at &euro;350 per session<\/td><\/tr><tr><td class=\"has-text-align-left\" data-align=\"left\">Ultraformer&reg;<\/td><td class=\"has-text-align-left\" data-align=\"left\">starting at &euro;600 per session<\/td><\/tr><\/tbody><\/table><\/figure>\n\n<h4 class=\"uk-margin-large-top wp-block-heading\" id=\"h-autres-traitements\">Other treatments<\/h4>\n<figure class=\"wp-block-table pricing_table is-style-stripes\"><table class=\"has-fixed-layout uk-table uk-table-divider\"><thead><tr><th class=\"has-text-align-left\" data-align=\"left\"><strong>Treatments<\/strong><\/th><th class=\"has-text-align-left\" data-align=\"left\"><strong>Prices<\/strong><\/th><\/tr><\/thead><tbody><tr><td class=\"has-text-align-left\" data-align=\"left\">Botox for excessive sweating<\/td><td class=\"has-text-align-left\" data-align=\"left\">starting at &euro;500<\/td><\/tr><tr><td class=\"has-text-align-left\" data-align=\"left\">Hand rejuvenation<\/td><td class=\"has-text-align-left\" data-align=\"left\">starting at &euro;500<\/td><\/tr><tr><td class=\"has-text-align-left\" data-align=\"left\">FUE hair micrografting<\/td><td class=\"has-text-align-left\" data-align=\"left\">starting at &euro;1,500<\/td><\/tr><\/tbody><\/table><\/figure>\n","protected":false},"excerpt":{"rendered":"<p>Facial treatments Treatments Prices Hyaluronic acid injections starting at &euro;360 per syringe Botox&reg; injections starting at &euro;360 per syringe Skinboosters&reg; &euro;250 per syringe Mesotherapy &euro;200 per session Peel starting at &euro;220 per session Lifting threads starting at &euro;900 for 4 threads Hydrafacial&reg; starting at &euro;180 per session Laser treatments Treatments Prices Fraxel&reg; laser starting at [&hellip;]<\/p>\n","protected":false},"author":6,"featured_media":0,"parent":0,"menu_order":90,"comment_status":"closed","ping_status":"closed","template":"tpl.page-default.php","meta":{"_acf_changed":false,"footnotes":""},"class_list":["post-23800","page","type-page","status-publish","hentry"],"acf":[],"yoast_head":"<!-- This site is optimized with the Yoast SEO Premium plugin v25.7 (Yoast SEO v27.4) - https:\/\/yoast.com\/product\/yoast-seo-premium-wordpress\/ -->\n<title>Price list - LAZEO - M\u00e9decine esth\u00e9tique - \u00c9pilation laser<\/title>\n<meta name=\"description\" content=\"Price list - LAZEO - M\u00e9decine esth\u00e9tique - \u00c9pilation laser\" \/>\n<meta name=\"robots\" content=\"index, follow, max-snippet:-1, max-image-preview:large, max-video-preview:-1\" \/>\n<link rel=\"canonical\" href=\"https:\/\/sharp-galois.217-154-146-230.plesk.page\/en\/price-list\/\" \/>\n<meta property=\"og:locale\" content=\"en_US\" \/>\n<meta property=\"og:type\" content=\"article\" \/>\n<meta property=\"og:title\" content=\"Price list\" \/>\n<meta property=\"og:description\" content=\"Price list - LAZEO - M\u00e9decine esth\u00e9tique - \u00c9pilation laser\" \/>\n<meta property=\"og:url\" content=\"https:\/\/sharp-galois.217-154-146-230.plesk.page\/en\/price-list\/\" \/>\n<meta property=\"og:site_name\" content=\"LAZEO\" \/>\n<meta property=\"article:publisher\" content=\"https:\/\/www.facebook.com\/lazeo.medecine.esthetique\/?locale=fr_FR\" \/>\n<meta property=\"article:modified_time\" content=\"2021-10-21T07:57:16+00:00\" \/>\n<meta name=\"twitter:card\" content=\"summary_large_image\" \/>\n<script type=\"application\/ld+json\" class=\"yoast-schema-graph\">{\"@context\":\"https:\\\/\\\/schema.org\",\"@graph\":[{\"@type\":\"WebPage\",\"@id\":\"https:\\\/\\\/sharp-galois.217-154-146-230.plesk.page\\\/en\\\/price-list\\\/\",\"url\":\"https:\\\/\\\/sharp-galois.217-154-146-230.plesk.page\\\/en\\\/price-list\\\/\",\"name\":\"Price list - LAZEO - M\u00e9decine esth\u00e9tique - \u00c9pilation laser\",\"isPartOf\":{\"@id\":\"https:\\\/\\\/www.lazeo.com\\\/#website\"},\"datePublished\":\"2020-09-03T19:21:59+00:00\",\"dateModified\":\"2021-10-21T07:57:16+00:00\",\"description\":\"Price list - LAZEO - M\u00e9decine esth\u00e9tique - \u00c9pilation laser\",\"breadcrumb\":{\"@id\":\"https:\\\/\\\/sharp-galois.217-154-146-230.plesk.page\\\/en\\\/price-list\\\/#breadcrumb\"},\"inLanguage\":\"en\",\"potentialAction\":[{\"@type\":\"ReadAction\",\"target\":[\"https:\\\/\\\/sharp-galois.217-154-146-230.plesk.page\\\/en\\\/price-list\\\/\"]}]},{\"@type\":\"BreadcrumbList\",\"@id\":\"https:\\\/\\\/sharp-galois.217-154-146-230.plesk.page\\\/en\\\/price-list\\\/#breadcrumb\",\"itemListElement\":[{\"@type\":\"ListItem\",\"position\":1,\"name\":\"Home\",\"item\":\"https:\\\/\\\/sharp-galois.217-154-146-230.plesk.page\\\/en\\\/home\\\/\"},{\"@type\":\"ListItem\",\"position\":2,\"name\":\"Price list\"}]},{\"@type\":\"WebSite\",\"@id\":\"https:\\\/\\\/www.lazeo.com\\\/#website\",\"url\":\"https:\\\/\\\/www.lazeo.com\\\/\",\"name\":\"LAZEO\",\"description\":\"M\u00e9decine esth\u00e9tique - \u00c9pilation laser\",\"publisher\":{\"@id\":\"https:\\\/\\\/www.lazeo.com\\\/#organization\"},\"potentialAction\":[{\"@type\":\"SearchAction\",\"target\":{\"@type\":\"EntryPoint\",\"urlTemplate\":\"https:\\\/\\\/www.lazeo.com\\\/?s={search_term_string}\"},\"query-input\":{\"@type\":\"PropertyValueSpecification\",\"valueRequired\":true,\"valueName\":\"search_term_string\"}}],\"inLanguage\":\"en\"},{\"@type\":\"Organization\",\"@id\":\"https:\\\/\\\/www.lazeo.com\\\/#organization\",\"name\":\"Lazeo\",\"url\":\"https:\\\/\\\/www.lazeo.com\\\/\",\"logo\":{\"@type\":\"ImageObject\",\"inLanguage\":\"en\",\"@id\":\"https:\\\/\\\/www.lazeo.com\\\/#\\\/schema\\\/logo\\\/image\\\/\",\"url\":\"https:\\\/\\\/sharp-galois.217-154-146-230.plesk.page\\\/wp-content\\\/uploads\\\/favicon.svg\",\"contentUrl\":\"https:\\\/\\\/sharp-galois.217-154-146-230.plesk.page\\\/wp-content\\\/uploads\\\/favicon.svg\",\"width\":1,\"height\":1,\"caption\":\"Lazeo\"},\"image\":{\"@id\":\"https:\\\/\\\/www.lazeo.com\\\/#\\\/schema\\\/logo\\\/image\\\/\"},\"sameAs\":[\"https:\\\/\\\/www.facebook.com\\\/lazeo.medecine.esthetique\\\/?locale=fr_FR\",\"https:\\\/\\\/www.instagram.com\\\/lazeofrance\\\/\",\"https:\\\/\\\/fr.pinterest.com\\\/LAZEOParis\\\/\",\"https:\\\/\\\/www.youtube.com\\\/channel\\\/UCYsthzOvY6nXPJLAQ4BliBQ\"]}]}<\/script>\n<!-- \/ Yoast SEO Premium plugin. -->","yoast_head_json":{"title":"Price list - LAZEO - M\u00e9decine esth\u00e9tique - \u00c9pilation laser","description":"Price list - LAZEO - M\u00e9decine esth\u00e9tique - \u00c9pilation laser","robots":{"index":"index","follow":"follow","max-snippet":"max-snippet:-1","max-image-preview":"max-image-preview:large","max-video-preview":"max-video-preview:-1"},"canonical":"https:\/\/sharp-galois.217-154-146-230.plesk.page\/en\/price-list\/","og_locale":"en_US","og_type":"article","og_title":"Price list","og_description":"Price list - LAZEO - M\u00e9decine esth\u00e9tique - \u00c9pilation laser","og_url":"https:\/\/sharp-galois.217-154-146-230.plesk.page\/en\/price-list\/","og_site_name":"LAZEO","article_publisher":"https:\/\/www.facebook.com\/lazeo.medecine.esthetique\/?locale=fr_FR","article_modified_time":"2021-10-21T07:57:16+00:00","twitter_card":"summary_large_image","schema":{"@context":"https:\/\/schema.org","@graph":[{"@type":"WebPage","@id":"https:\/\/sharp-galois.217-154-146-230.plesk.page\/en\/price-list\/","url":"https:\/\/sharp-galois.217-154-146-230.plesk.page\/en\/price-list\/","name":"Price list - LAZEO - M\u00e9decine esth\u00e9tique - \u00c9pilation laser","isPartOf":{"@id":"https:\/\/www.lazeo.com\/#website"},"datePublished":"2020-09-03T19:21:59+00:00","dateModified":"2021-10-21T07:57:16+00:00","description":"Price list - LAZEO - M\u00e9decine esth\u00e9tique - \u00c9pilation laser","breadcrumb":{"@id":"https:\/\/sharp-galois.217-154-146-230.plesk.page\/en\/price-list\/#breadcrumb"},"inLanguage":"en","potentialAction":[{"@type":"ReadAction","target":["https:\/\/sharp-galois.217-154-146-230.plesk.page\/en\/price-list\/"]}]},{"@type":"BreadcrumbList","@id":"https:\/\/sharp-galois.217-154-146-230.plesk.page\/en\/price-list\/#breadcrumb","itemListElement":[{"@type":"ListItem","position":1,"name":"Home","item":"https:\/\/sharp-galois.217-154-146-230.plesk.page\/en\/home\/"},{"@type":"ListItem","position":2,"name":"Price list"}]},{"@type":"WebSite","@id":"https:\/\/www.lazeo.com\/#website","url":"https:\/\/www.lazeo.com\/","name":"LAZEO","description":"M\u00e9decine esth\u00e9tique - \u00c9pilation laser","publisher":{"@id":"https:\/\/www.lazeo.com\/#organization"},"potentialAction":[{"@type":"SearchAction","target":{"@type":"EntryPoint","urlTemplate":"https:\/\/www.lazeo.com\/?s={search_term_string}"},"query-input":{"@type":"PropertyValueSpecification","valueRequired":true,"valueName":"search_term_string"}}],"inLanguage":"en"},{"@type":"Organization","@id":"https:\/\/www.lazeo.com\/#organization","name":"Lazeo","url":"https:\/\/www.lazeo.com\/","logo":{"@type":"ImageObject","inLanguage":"en","@id":"https:\/\/www.lazeo.com\/#\/schema\/logo\/image\/","url":"https:\/\/sharp-galois.217-154-146-230.plesk.page\/wp-content\/uploads\/favicon.svg","contentUrl":"https:\/\/sharp-galois.217-154-146-230.plesk.page\/wp-content\/uploads\/favicon.svg","width":1,"height":1,"caption":"Lazeo"},"image":{"@id":"https:\/\/www.lazeo.com\/#\/schema\/logo\/image\/"},"sameAs":["https:\/\/www.facebook.com\/lazeo.medecine.esthetique\/?locale=fr_FR","https:\/\/www.instagram.com\/lazeofrance\/","https:\/\/fr.pinterest.com\/LAZEOParis\/","https:\/\/www.youtube.com\/channel\/UCYsthzOvY6nXPJLAQ4BliBQ"]}]}},"_links":{"self":[{"href":"https:\/\/sharp-galois.217-154-146-230.plesk.page\/en\/wp-json\/wp\/v2\/pages\/23800","targetHints":{"allow":["GET"]}}],"collection":[{"href":"https:\/\/sharp-galois.217-154-146-230.plesk.page\/en\/wp-json\/wp\/v2\/pages"}],"about":[{"href":"https:\/\/sharp-galois.217-154-146-230.plesk.page\/en\/wp-json\/wp\/v2\/types\/page"}],"author":[{"embeddable":true,"href":"https:\/\/sharp-galois.217-154-146-230.plesk.page\/en\/wp-json\/wp\/v2\/users\/6"}],"replies":[{"embeddable":true,"href":"https:\/\/sharp-galois.217-154-146-230.plesk.page\/en\/wp-json\/wp\/v2\/comments?post=23800"}],"version-history":[{"count":0,"href":"https:\/\/sharp-galois.217-154-146-230.plesk.page\/en\/wp-json\/wp\/v2\/pages\/23800\/revisions"}],"wp:attachment":[{"href":"https:\/\/sharp-galois.217-154-146-230.plesk.page\/en\/wp-json\/wp\/v2\/media?parent=23800"}],"curies":[{"name":"wp","href":"https:\/\/api.w.org\/{rel}","templated":true}]}}