{"id":23652,"date":"2020-07-08T07:59:27","date_gmt":"2020-07-08T05:59:27","guid":{"rendered":"https:\/\/sharp-galois.217-154-146-230.plesk.page\/recruitment\/"},"modified":"2021-10-21T09:57:17","modified_gmt":"2021-10-21T07:57:17","slug":"recruitment","status":"publish","type":"page","link":"https:\/\/sharp-galois.217-154-146-230.plesk.page\/en\/recruitment\/","title":{"rendered":"Recruitment"},"content":{"rendered":"\n<p>Joining Lazeo means playing an active role in a unique story at the very center of new and exciting challenges. Born from a doctor\u2019s passion for aesthetics, Lazeo is now a leading group in aesthetic medicine in France. <\/p>\n\n\n\n<p>There are now over 180 members of staff in a company which has become a leader in the sector in just 10 years. If you share our vision of natural aesthetic medicine, and you are welcoming, innovative and daring, join us.&nbsp;<\/p>\n\n\n\n<p><strong>Send a spontaneous application<\/strong><\/p>\n\n\n\n<div class=\"forminator-guttenberg\"><div class=\"forminator-ui forminator-custom-form forminator-custom-form-25510 forminator-design--default forminator-enclosed \" data-forminator-render=\"0\" data-form=\"forminator-module-25510\" data-uid=\"69e643a7c3e1c\"><br\/><\/div><form\r\n\t\t\t\tid=\"forminator-module-25510\"\r\n\t\t\t\tclass=\"forminator-ui forminator-custom-form forminator-custom-form-25510 forminator-design--default forminator-enclosed \"\r\n\t\t\t\tmethod=\"post\"\r\n\t\t\t\tdata-forminator-render=\"0\"\r\n\t\t\t\tdata-form-id=\"25510\"\r\n\t\t\t\tenctype=\"multipart\/form-data\" data-color-option=\"default\" data-design=\"default\" data-grid=\"enclosed\" style=\"display: none;\"\r\n\t\t\t\tdata-uid=\"69e643a7c3e1c\"\r\n\t\t\t><div role=\"alert\" aria-live=\"polite\" class=\"forminator-response-message forminator-error\" aria-hidden=\"true\"><\/div><div class=\"forminator-row\"><div id=\"radio-1\" class=\"forminator-field-radio forminator-col forminator-col-12 \"><div role=\"radiogroup\" class=\"forminator-field\" aria-labelledby=\"forminator-radiogroup-radio-1-69e643a7c3e1c-label\"><span id=\"forminator-radiogroup-radio-1-69e643a7c3e1c-label\" class=\"forminator-label\">You are <span class=\"forminator-required\">*<\/span><\/span><label id=\"forminator-field-radio-1-label-1\" for=\"forminator-field-radio-1-1-69e643a7c3e1c\" class=\"forminator-radio forminator-radio-inline\" title=\"Doctor\"><input type=\"radio\" name=\"radio-1\" value=\"doctor\" id=\"forminator-field-radio-1-1-69e643a7c3e1c\" aria-labelledby=\"forminator-field-radio-1-label-1\" data-calculation=\"0\"  \/><span class=\"forminator-radio-bullet\" aria-hidden=\"true\"><\/span><span class=\"forminator-radio-label\">Doctor<\/span><\/label><label id=\"forminator-field-radio-1-label-2\" for=\"forminator-field-radio-1-2-69e643a7c3e1c\" class=\"forminator-radio forminator-radio-inline\" title=\"Nurse\"><input type=\"radio\" name=\"radio-1\" value=\"nurse\" id=\"forminator-field-radio-1-2-69e643a7c3e1c\" aria-labelledby=\"forminator-field-radio-1-label-2\" data-calculation=\"0\"  \/><span class=\"forminator-radio-bullet\" aria-hidden=\"true\"><\/span><span class=\"forminator-radio-label\">Nurse<\/span><\/label><label id=\"forminator-field-radio-1-label-3\" for=\"forminator-field-radio-1-3-69e643a7c3e1c\" class=\"forminator-radio forminator-radio-inline\" title=\"Secretary\"><input type=\"radio\" name=\"radio-1\" value=\"secretary\" id=\"forminator-field-radio-1-3-69e643a7c3e1c\" aria-labelledby=\"forminator-field-radio-1-label-3\" data-calculation=\"0\"  \/><span class=\"forminator-radio-bullet\" aria-hidden=\"true\"><\/span><span class=\"forminator-radio-label\">Secretary<\/span><\/label><\/div><\/div><\/div><div class=\"forminator-row\"><div id=\"select-1\" class=\"forminator-field-select forminator-col forminator-col-12 \"><div class=\"forminator-field\"><label for=\"forminator-form-25510__field--select-1_69e643a7c3e1c\" id=\"forminator-form-25510__field--select-1_69e643a7c3e1c-label\" class=\"forminator-label\">Vos disponibilit\u00e9s <\/label><select  id=\"forminator-form-25510__field--select-1_69e643a7c3e1c\" class=\"forminator-select--field forminator-select2 forminator-select2-multiple\" data-required=\"\" name=\"select-1\" data-default-value=\"\" data-placeholder=\"\" data-search=\"false\" data-search-placeholder=\"\" data-checkbox=\"false\" data-allow-clear=\"false\" aria-labelledby=\"forminator-form-25510__field--select-1_69e643a7c3e1c-label\"><option value=\"temps-complet\"  data-calculation=\"0\">Temps Complet<\/option><option value=\"1-j-semaine\"  data-calculation=\"0\">1 j \/ semaine<\/option><option value=\"2-j-semaine\"  data-calculation=\"0\">2 j \/ semaine<\/option><option value=\"3-j-semaine\"  data-calculation=\"0\">3 j \/ semaine<\/option><option value=\"4-j-semaine\"  data-calculation=\"0\">4 j \/ semaine<\/option><\/select><\/div><\/div><\/div><div class=\"forminator-row\"><div id=\"name-2\" class=\"forminator-field-name forminator-col forminator-col-6  uk-width-1-2@m\"><div class=\"forminator-field\"><label for=\"forminator-field-name-2_69e643a7c3e1c\" id=\"forminator-field-name-2_69e643a7c3e1c-label\" class=\"forminator-label\">First name <span class=\"forminator-required\">*<\/span><\/label><input type=\"text\" name=\"name-2\" value=\"\" placeholder=\"First name\" id=\"forminator-field-name-2_69e643a7c3e1c\" class=\"forminator-input forminator-name--field\" aria-required=\"true\" autocomplete=\"name\" \/><\/div><\/div><div id=\"name-1\" class=\"forminator-field-name forminator-col forminator-col-6  uk-width-1-2@m\"><div class=\"forminator-field\"><label for=\"forminator-field-name-1_69e643a7c3e1c\" id=\"forminator-field-name-1_69e643a7c3e1c-label\" class=\"forminator-label\">Last name <span class=\"forminator-required\">*<\/span><\/label><input type=\"text\" name=\"name-1\" value=\"\" placeholder=\"Last name\" id=\"forminator-field-name-1_69e643a7c3e1c\" class=\"forminator-input forminator-name--field\" aria-required=\"true\" autocomplete=\"name\" \/><\/div><\/div><\/div><div class=\"forminator-row\"><div id=\"phone-1\" class=\"forminator-field-phone forminator-col forminator-col-6 \"><div class=\"forminator-field\"><label for=\"forminator-field-phone-1_69e643a7c3e1c\" id=\"forminator-field-phone-1_69e643a7c3e1c-label\" class=\"forminator-label\">Phone <span class=\"forminator-required\">*<\/span><\/label><input type=\"text\" name=\"phone-1\" value=\"\" placeholder=\"06 99 99 99 99\" id=\"forminator-field-phone-1_69e643a7c3e1c\" class=\"forminator-input forminator-field--phone\" data-required=\"1\" aria-required=\"true\" autocomplete=\"off\" data-validation=\"true\" \/><\/div><\/div><div id=\"email-1\" class=\"forminator-field-email forminator-col forminator-col-6 \"><div class=\"forminator-field\"><label for=\"forminator-field-email-1_69e643a7c3e1c\" id=\"forminator-field-email-1_69e643a7c3e1c-label\" class=\"forminator-label\">Email <span class=\"forminator-required\">*<\/span><\/label><input type=\"email\" name=\"email-1\" value=\"\" placeholder=\"your@mail.com\" id=\"forminator-field-email-1_69e643a7c3e1c\" class=\"forminator-input forminator-email--field\" data-required=\"true\" aria-required=\"true\" autocomplete=\"email\" \/><\/div><\/div><\/div><div class=\"forminator-row\"><div id=\"address-1\" class=\"forminator-field-address forminator-col forminator-col-12 \"><div class=\"forminator-row\" data-multiple=\"false\"><div id=\"address-1-city\" class=\"forminator-col forminator-col-12\"><div class=\"forminator-field\"><label for=\"forminator-field-address-1-city_69e643a7c3e1c\" id=\"forminator-field-address-1-city_69e643a7c3e1c-label\" class=\"forminator-label\">City <span class=\"forminator-required\">*<\/span><\/label><input type=\"text\" name=\"address-1-city\" placeholder=\"City\" id=\"forminator-field-address-1-city_69e643a7c3e1c\" class=\"forminator-input\" data-required=\"1\" aria-required=\"true\" autocomplete=\"address-level2\" value=\"\" \/><\/div><\/div><\/div><\/div><\/div><div class=\"forminator-row\"><div id=\"upload-1\" class=\"forminator-field-upload forminator-col forminator-col-6 \"><div class=\"forminator-field\"><label for=\"forminator-field-upload-1_69e643a7c3e1c\" id=\"forminator-field-upload-1_69e643a7c3e1c-label\" class=\"forminator-label\">Your CV<\/label><div class=\"forminator-file-upload \" data-element=\"upload-1_69e643a7c3e1c\" aria-describedby=\"forminator-field-upload-1_69e643a7c3e1c-description\"><input type=\"file\" name=\"upload-1\" id=\"forminator-field-upload-1_69e643a7c3e1c\" class=\"forminator-input-file\" accept=\".pdf,.doc,.docx,.odt\" tabindex=\"-1\"><button id=\"forminator-field-upload-1_69e643a7c3e1c_button\" class=\"forminator-button forminator-button-upload\" data-id=\"forminator-field-upload-1_69e643a7c3e1c\">Choose File<\/button><span data-empty-text=\"No file chosen\">No file chosen<\/span><button class=\"forminator-button-delete\" style=\"display: none;\"><i class=\"forminator-icon-close\" aria-hidden=\"true\"><\/i><span class=\"forminator-screen-reader-only\">Delete uploaded file<\/span><\/button><\/div><span id=\"forminator-field-upload-1_69e643a7c3e1c-description\" class=\"forminator-description\">(file type: doc, docx, pdf; 8Mb max)<\/span><\/div><\/div><div id=\"upload-2\" class=\"forminator-field-upload forminator-col forminator-col-6 \"><div class=\"forminator-field\"><label for=\"forminator-field-upload-2_69e643a7c3e1c\" id=\"forminator-field-upload-2_69e643a7c3e1c-label\" class=\"forminator-label\">Cover letter <span class=\"forminator-required\">*<\/span><\/label><div class=\"forminator-file-upload \" data-element=\"upload-2_69e643a7c3e1c\" aria-describedby=\"forminator-field-upload-2_69e643a7c3e1c-description\"><input type=\"file\" name=\"upload-2\" id=\"forminator-field-upload-2_69e643a7c3e1c\" class=\"forminator-input-file-required do-validate\" accept=\".pdf,.doc,.docx,.odt\" tabindex=\"-1\"><button id=\"forminator-field-upload-2_69e643a7c3e1c_button\" class=\"forminator-button forminator-button-upload\" data-id=\"forminator-field-upload-2_69e643a7c3e1c\">Choose File<\/button><span data-empty-text=\"No file chosen\">No file chosen<\/span><button class=\"forminator-button-delete\" style=\"display: none;\"><i class=\"forminator-icon-close\" aria-hidden=\"true\"><\/i><span class=\"forminator-screen-reader-only\">Delete uploaded file<\/span><\/button><\/div><span id=\"forminator-field-upload-2_69e643a7c3e1c-description\" class=\"forminator-description\">(file type: doc, docx, pdf; 8Mb max)<\/span><\/div><\/div><\/div><div class=\"forminator-row\"><div id=\"textarea-1\" class=\"forminator-field-textarea forminator-col forminator-col-12 \"><div class=\"forminator-field\"><label for=\"forminator-field-textarea-1_69e643a7c3e1c\" id=\"forminator-field-textarea-1_69e643a7c3e1c-label\" class=\"forminator-label\">Message <span class=\"forminator-required\">*<\/span><\/label><textarea name=\"textarea-1\" placeholder=\"Enter your message...\" id=\"forminator-field-textarea-1_69e643a7c3e1c\" class=\"forminator-textarea\" rows=\"6\" style=\"--forminator-textarea-min-height:140px;\" ><\/textarea><\/div><\/div><\/div><div class=\"forminator-row\"><div id=\"checkbox-1\" class=\"forminator-field-checkbox forminator-col forminator-col-12  uk-text-center\"><div role=\"group\" class=\"forminator-field required\" aria-labelledby=\"forminator-checkbox-group-forminator-field-checkbox-1-69e643a7c3e1c-label\"><label id=\"forminator-field-checkbox-1-1-69e643a7c3e1c-label\" for=\"forminator-field-checkbox-1-1-69e643a7c3e1c\" class=\"forminator-checkbox\" title=\"I agree that my information will be collected by BS GROUPE as data controller in order to process your contact request. **\"><input type=\"checkbox\" name=\"checkbox-1[]\" value=\"i-agree-that-my-information-will-be-collected-by-bs-groupe-as-data-controller-in-order-to-process-your-contact-request\" id=\"forminator-field-checkbox-1-1-69e643a7c3e1c\" aria-labelledby=\"forminator-field-checkbox-1-1-69e643a7c3e1c-label\" data-calculation=\"0\"  \/><span class=\"forminator-checkbox-box\" aria-hidden=\"true\"><\/span><span class=\"forminator-checkbox-label\">I agree that my information will be collected by BS GROUPE as data controller in order to process your contact request. **<\/span><\/label><\/div><\/div><\/div><input type=\"hidden\" name=\"referer_url\" value=\"\" \/><div class=\"forminator-row forminator-row-last\"><div class=\"forminator-col\"><div class=\"forminator-field\"><button class=\"forminator-button forminator-button-submit uk-flex-center\">Submit<\/button><\/div><\/div><\/div><input type=\"hidden\" id=\"forminator_nonce\" name=\"forminator_nonce\" value=\"43cb03718a\" \/><input type=\"hidden\" name=\"_wp_http_referer\" value=\"\/en\/wp-json\/wp\/v2\/pages\/23652\" \/><input type=\"hidden\" name=\"form_id\" value=\"25510\"><input type=\"hidden\" name=\"page_id\" value=\"23652\"><input type=\"hidden\" name=\"form_type\" value=\"\"><input type=\"hidden\" name=\"current_url\" value=\"https:\/\/sharp-galois.217-154-146-230.plesk.page\/en\/recruitment\/\"><input type=\"hidden\" name=\"render_id\" value=\"0\"><input type=\"hidden\" name=\"action\" value=\"forminator_submit_form_custom-forms\"><label for=\"input_12\" class=\"forminator-hidden\" aria-hidden=\"true\">Please do not fill in this field. <input id=\"input_12\" type=\"text\" name=\"input_12\" value=\"\" autocomplete=\"off\"><\/label><\/form><\/div>\n\n\n\n<div class=\"uk-text-small\"><a uk-toggle=\"target: #news_rgpd\" aria-expanded=\"false\" class=\"text_link\">Click here for more details**<\/a><\/div>\n<div id=\"news_rgpd\" class=\"uk-text-small\" hidden=\"\">\n<p>The fields marked with an asterisk are required for your request to be processed. In accordance with current regulations, you have the right to access, correct and erase your data, the right to object and to limit the processing of your data. You also have the right to data portability and the right to give instructions about what will happen to your data after you die. To exercise these rights, please send your request to <a class=\"text_link\" href=\"mailto:dpo@lazeo.com\">dpo@lazeo.com<\/a>. or more information, please see our  <a class=\"text_link\" href=\"https:\/\/sharp-galois.217-154-146-230.plesk.page\/politique-de-confidentialite\/\">privacy policy<\/a>.<\/p>\n<\/div>\n\n\n\n<p class=\"has-text-align-center\"><strong><a style=\"color:blue\" href=\"https:\/\/www.linkedin.com\/company\/lazeo\/\" target=\"_blank\" rel=\"noreferrer noopener\">Follow us on LinkedIn&nbsp;<\/a><\/strong><\/p>\n","protected":false},"excerpt":{"rendered":"<p>Joining Lazeo means playing an active role in a unique story at the very center of new and exciting challenges. Born from a doctor\u2019s passion for aesthetics, Lazeo is now a leading group in aesthetic medicine in France. There are now over 180 members of staff in a company which has become a leader in [&hellip;]<\/p>\n","protected":false},"author":6,"featured_media":0,"parent":0,"menu_order":79,"comment_status":"closed","ping_status":"closed","template":"tpl.page-default.php","meta":{"_acf_changed":false,"footnotes":""},"class_list":["post-23652","page","type-page","status-publish","hentry"],"acf":[],"yoast_head":"<!-- This site is optimized with the Yoast SEO Premium plugin v25.7 (Yoast SEO v27.4) - https:\/\/yoast.com\/product\/yoast-seo-premium-wordpress\/ -->\n<title>Recruitment - LAZEO - M\u00e9decine esth\u00e9tique - \u00c9pilation laser<\/title>\n<meta name=\"description\" content=\"Recruitment - LAZEO - M\u00e9decine esth\u00e9tique - \u00c9pilation laser\" \/>\n<meta name=\"robots\" content=\"index, follow, max-snippet:-1, max-image-preview:large, max-video-preview:-1\" \/>\n<link rel=\"canonical\" href=\"https:\/\/sharp-galois.217-154-146-230.plesk.page\/en\/recruitment\/\" \/>\n<meta property=\"og:locale\" content=\"en_US\" \/>\n<meta property=\"og:type\" content=\"article\" \/>\n<meta property=\"og:title\" content=\"Recruitment\" \/>\n<meta property=\"og:description\" content=\"Recruitment - LAZEO - M\u00e9decine esth\u00e9tique - \u00c9pilation laser\" \/>\n<meta property=\"og:url\" content=\"https:\/\/sharp-galois.217-154-146-230.plesk.page\/en\/recruitment\/\" \/>\n<meta property=\"og:site_name\" content=\"LAZEO\" \/>\n<meta property=\"article:publisher\" content=\"https:\/\/www.facebook.com\/lazeo.medecine.esthetique\/?locale=fr_FR\" \/>\n<meta property=\"article:modified_time\" content=\"2021-10-21T07:57:17+00:00\" \/>\n<meta name=\"twitter:card\" content=\"summary_large_image\" \/>\n<meta name=\"twitter:label1\" content=\"Est. reading time\" \/>\n\t<meta name=\"twitter:data1\" content=\"1 minute\" \/>\n<script type=\"application\/ld+json\" class=\"yoast-schema-graph\">{\"@context\":\"https:\\\/\\\/schema.org\",\"@graph\":[{\"@type\":\"WebPage\",\"@id\":\"https:\\\/\\\/sharp-galois.217-154-146-230.plesk.page\\\/en\\\/recruitment\\\/\",\"url\":\"https:\\\/\\\/sharp-galois.217-154-146-230.plesk.page\\\/en\\\/recruitment\\\/\",\"name\":\"Recruitment - LAZEO - M\u00e9decine esth\u00e9tique - \u00c9pilation laser\",\"isPartOf\":{\"@id\":\"https:\\\/\\\/www.lazeo.com\\\/#website\"},\"datePublished\":\"2020-07-08T05:59:27+00:00\",\"dateModified\":\"2021-10-21T07:57:17+00:00\",\"description\":\"Recruitment - LAZEO - M\u00e9decine esth\u00e9tique - \u00c9pilation laser\",\"breadcrumb\":{\"@id\":\"https:\\\/\\\/sharp-galois.217-154-146-230.plesk.page\\\/en\\\/recruitment\\\/#breadcrumb\"},\"inLanguage\":\"en\",\"potentialAction\":[{\"@type\":\"ReadAction\",\"target\":[\"https:\\\/\\\/sharp-galois.217-154-146-230.plesk.page\\\/en\\\/recruitment\\\/\"]}]},{\"@type\":\"BreadcrumbList\",\"@id\":\"https:\\\/\\\/sharp-galois.217-154-146-230.plesk.page\\\/en\\\/recruitment\\\/#breadcrumb\",\"itemListElement\":[{\"@type\":\"ListItem\",\"position\":1,\"name\":\"Home\",\"item\":\"https:\\\/\\\/sharp-galois.217-154-146-230.plesk.page\\\/en\\\/home\\\/\"},{\"@type\":\"ListItem\",\"position\":2,\"name\":\"Recruitment\"}]},{\"@type\":\"WebSite\",\"@id\":\"https:\\\/\\\/www.lazeo.com\\\/#website\",\"url\":\"https:\\\/\\\/www.lazeo.com\\\/\",\"name\":\"LAZEO\",\"description\":\"M\u00e9decine esth\u00e9tique - \u00c9pilation laser\",\"publisher\":{\"@id\":\"https:\\\/\\\/www.lazeo.com\\\/#organization\"},\"potentialAction\":[{\"@type\":\"SearchAction\",\"target\":{\"@type\":\"EntryPoint\",\"urlTemplate\":\"https:\\\/\\\/www.lazeo.com\\\/?s={search_term_string}\"},\"query-input\":{\"@type\":\"PropertyValueSpecification\",\"valueRequired\":true,\"valueName\":\"search_term_string\"}}],\"inLanguage\":\"en\"},{\"@type\":\"Organization\",\"@id\":\"https:\\\/\\\/www.lazeo.com\\\/#organization\",\"name\":\"Lazeo\",\"url\":\"https:\\\/\\\/www.lazeo.com\\\/\",\"logo\":{\"@type\":\"ImageObject\",\"inLanguage\":\"en\",\"@id\":\"https:\\\/\\\/www.lazeo.com\\\/#\\\/schema\\\/logo\\\/image\\\/\",\"url\":\"https:\\\/\\\/sharp-galois.217-154-146-230.plesk.page\\\/wp-content\\\/uploads\\\/favicon.svg\",\"contentUrl\":\"https:\\\/\\\/sharp-galois.217-154-146-230.plesk.page\\\/wp-content\\\/uploads\\\/favicon.svg\",\"width\":1,\"height\":1,\"caption\":\"Lazeo\"},\"image\":{\"@id\":\"https:\\\/\\\/www.lazeo.com\\\/#\\\/schema\\\/logo\\\/image\\\/\"},\"sameAs\":[\"https:\\\/\\\/www.facebook.com\\\/lazeo.medecine.esthetique\\\/?locale=fr_FR\",\"https:\\\/\\\/www.instagram.com\\\/lazeofrance\\\/\",\"https:\\\/\\\/fr.pinterest.com\\\/LAZEOParis\\\/\",\"https:\\\/\\\/www.youtube.com\\\/channel\\\/UCYsthzOvY6nXPJLAQ4BliBQ\"]}]}<\/script>\n<!-- \/ Yoast SEO Premium plugin. -->","yoast_head_json":{"title":"Recruitment - LAZEO - M\u00e9decine esth\u00e9tique - \u00c9pilation laser","description":"Recruitment - LAZEO - M\u00e9decine esth\u00e9tique - \u00c9pilation laser","robots":{"index":"index","follow":"follow","max-snippet":"max-snippet:-1","max-image-preview":"max-image-preview:large","max-video-preview":"max-video-preview:-1"},"canonical":"https:\/\/sharp-galois.217-154-146-230.plesk.page\/en\/recruitment\/","og_locale":"en_US","og_type":"article","og_title":"Recruitment","og_description":"Recruitment - LAZEO - M\u00e9decine esth\u00e9tique - \u00c9pilation laser","og_url":"https:\/\/sharp-galois.217-154-146-230.plesk.page\/en\/recruitment\/","og_site_name":"LAZEO","article_publisher":"https:\/\/www.facebook.com\/lazeo.medecine.esthetique\/?locale=fr_FR","article_modified_time":"2021-10-21T07:57:17+00:00","twitter_card":"summary_large_image","twitter_misc":{"Est. reading time":"1 minute"},"schema":{"@context":"https:\/\/schema.org","@graph":[{"@type":"WebPage","@id":"https:\/\/sharp-galois.217-154-146-230.plesk.page\/en\/recruitment\/","url":"https:\/\/sharp-galois.217-154-146-230.plesk.page\/en\/recruitment\/","name":"Recruitment - LAZEO - M\u00e9decine esth\u00e9tique - \u00c9pilation laser","isPartOf":{"@id":"https:\/\/www.lazeo.com\/#website"},"datePublished":"2020-07-08T05:59:27+00:00","dateModified":"2021-10-21T07:57:17+00:00","description":"Recruitment - LAZEO - M\u00e9decine esth\u00e9tique - \u00c9pilation laser","breadcrumb":{"@id":"https:\/\/sharp-galois.217-154-146-230.plesk.page\/en\/recruitment\/#breadcrumb"},"inLanguage":"en","potentialAction":[{"@type":"ReadAction","target":["https:\/\/sharp-galois.217-154-146-230.plesk.page\/en\/recruitment\/"]}]},{"@type":"BreadcrumbList","@id":"https:\/\/sharp-galois.217-154-146-230.plesk.page\/en\/recruitment\/#breadcrumb","itemListElement":[{"@type":"ListItem","position":1,"name":"Home","item":"https:\/\/sharp-galois.217-154-146-230.plesk.page\/en\/home\/"},{"@type":"ListItem","position":2,"name":"Recruitment"}]},{"@type":"WebSite","@id":"https:\/\/www.lazeo.com\/#website","url":"https:\/\/www.lazeo.com\/","name":"LAZEO","description":"M\u00e9decine esth\u00e9tique - \u00c9pilation laser","publisher":{"@id":"https:\/\/www.lazeo.com\/#organization"},"potentialAction":[{"@type":"SearchAction","target":{"@type":"EntryPoint","urlTemplate":"https:\/\/www.lazeo.com\/?s={search_term_string}"},"query-input":{"@type":"PropertyValueSpecification","valueRequired":true,"valueName":"search_term_string"}}],"inLanguage":"en"},{"@type":"Organization","@id":"https:\/\/www.lazeo.com\/#organization","name":"Lazeo","url":"https:\/\/www.lazeo.com\/","logo":{"@type":"ImageObject","inLanguage":"en","@id":"https:\/\/www.lazeo.com\/#\/schema\/logo\/image\/","url":"https:\/\/sharp-galois.217-154-146-230.plesk.page\/wp-content\/uploads\/favicon.svg","contentUrl":"https:\/\/sharp-galois.217-154-146-230.plesk.page\/wp-content\/uploads\/favicon.svg","width":1,"height":1,"caption":"Lazeo"},"image":{"@id":"https:\/\/www.lazeo.com\/#\/schema\/logo\/image\/"},"sameAs":["https:\/\/www.facebook.com\/lazeo.medecine.esthetique\/?locale=fr_FR","https:\/\/www.instagram.com\/lazeofrance\/","https:\/\/fr.pinterest.com\/LAZEOParis\/","https:\/\/www.youtube.com\/channel\/UCYsthzOvY6nXPJLAQ4BliBQ"]}]}},"_links":{"self":[{"href":"https:\/\/sharp-galois.217-154-146-230.plesk.page\/en\/wp-json\/wp\/v2\/pages\/23652","targetHints":{"allow":["GET"]}}],"collection":[{"href":"https:\/\/sharp-galois.217-154-146-230.plesk.page\/en\/wp-json\/wp\/v2\/pages"}],"about":[{"href":"https:\/\/sharp-galois.217-154-146-230.plesk.page\/en\/wp-json\/wp\/v2\/types\/page"}],"author":[{"embeddable":true,"href":"https:\/\/sharp-galois.217-154-146-230.plesk.page\/en\/wp-json\/wp\/v2\/users\/6"}],"replies":[{"embeddable":true,"href":"https:\/\/sharp-galois.217-154-146-230.plesk.page\/en\/wp-json\/wp\/v2\/comments?post=23652"}],"version-history":[{"count":0,"href":"https:\/\/sharp-galois.217-154-146-230.plesk.page\/en\/wp-json\/wp\/v2\/pages\/23652\/revisions"}],"wp:attachment":[{"href":"https:\/\/sharp-galois.217-154-146-230.plesk.page\/en\/wp-json\/wp\/v2\/media?parent=23652"}],"curies":[{"name":"wp","href":"https:\/\/api.w.org\/{rel}","templated":true}]}}