{"id":26011,"date":"2020-07-08T07:59:27","date_gmt":"2020-07-08T05:59:27","guid":{"rendered":"https:\/\/sharp-galois.217-154-146-230.plesk.page\/werving\/"},"modified":"2021-10-21T09:57:18","modified_gmt":"2021-10-21T07:57:18","slug":"werving","status":"publish","type":"page","link":"https:\/\/sharp-galois.217-154-146-230.plesk.page\/be\/werving\/","title":{"rendered":"Werving"},"content":{"rendered":"\n<p>Wanneer u bij Lazeo komt werken, betekent dit dat u volledig deel gaat uitmaken van een unieke geschiedenis waarin nieuwe uitdagingen centraal staan. Lazeo is ontstaan uit de passie van een arts voor cosmetische ingrepen en is vandaag de dag een toonaangevende groep in de cosmetische geneeskunde in Frankrijk.<\/p>\n\n\n\n<p>We werken op dit moment met 180 werknemers in een bedrijf dat in 10 jaar tijd een referentie in de sector is geworden. Als u onze visie van een natuurlijke cosmetische geneeskunde deelt en een welwillende, innovatieve en gedurfde aanpak heeft, sluit u dan bij ons aan!<\/p>\n\n\n\n<p><strong>Stuur een open sollicitatie naar<\/strong><\/p>\n\n\n\n<div class=\"forminator-guttenberg\"><div class=\"forminator-ui forminator-custom-form forminator-custom-form-26132 forminator-design--default forminator-enclosed \" data-forminator-render=\"0\" data-form=\"forminator-module-26132\" data-uid=\"69e643a278a08\"><br\/><\/div><form\r\n\t\t\t\tid=\"forminator-module-26132\"\r\n\t\t\t\tclass=\"forminator-ui forminator-custom-form forminator-custom-form-26132 forminator-design--default forminator-enclosed \"\r\n\t\t\t\tmethod=\"post\"\r\n\t\t\t\tdata-forminator-render=\"0\"\r\n\t\t\t\tdata-form-id=\"26132\"\r\n\t\t\t\tenctype=\"multipart\/form-data\" data-color-option=\"default\" data-design=\"default\" data-grid=\"enclosed\" style=\"display: none;\"\r\n\t\t\t\tdata-uid=\"69e643a278a08\"\r\n\t\t\t><div role=\"alert\" aria-live=\"polite\" class=\"forminator-response-message forminator-error\" aria-hidden=\"true\"><\/div><div class=\"forminator-row\"><div id=\"radio-1\" class=\"forminator-field-radio forminator-col forminator-col-12 \"><div role=\"radiogroup\" class=\"forminator-field\" aria-labelledby=\"forminator-radiogroup-radio-1-69e643a278a08-label\"><span id=\"forminator-radiogroup-radio-1-69e643a278a08-label\" class=\"forminator-label\">Jij bent <span class=\"forminator-required\">*<\/span><\/span><label id=\"forminator-field-radio-1-label-1\" for=\"forminator-field-radio-1-1-69e643a278a08\" class=\"forminator-radio forminator-radio-inline\" title=\"Dokter\"><input type=\"radio\" name=\"radio-1\" value=\"dokter\" id=\"forminator-field-radio-1-1-69e643a278a08\" aria-labelledby=\"forminator-field-radio-1-label-1\" data-calculation=\"0\"  \/><span class=\"forminator-radio-bullet\" aria-hidden=\"true\"><\/span><span class=\"forminator-radio-label\">Dokter<\/span><\/label><label id=\"forminator-field-radio-1-label-2\" for=\"forminator-field-radio-1-2-69e643a278a08\" class=\"forminator-radio forminator-radio-inline\" title=\"Verpleegster\"><input type=\"radio\" name=\"radio-1\" value=\"verpleegster\" id=\"forminator-field-radio-1-2-69e643a278a08\" aria-labelledby=\"forminator-field-radio-1-label-2\" data-calculation=\"0\"  \/><span class=\"forminator-radio-bullet\" aria-hidden=\"true\"><\/span><span class=\"forminator-radio-label\">Verpleegster<\/span><\/label><label id=\"forminator-field-radio-1-label-3\" for=\"forminator-field-radio-1-3-69e643a278a08\" class=\"forminator-radio forminator-radio-inline\" title=\"Secretaris\"><input type=\"radio\" name=\"radio-1\" value=\"secretaris\" id=\"forminator-field-radio-1-3-69e643a278a08\" aria-labelledby=\"forminator-field-radio-1-label-3\" data-calculation=\"0\"  \/><span class=\"forminator-radio-bullet\" aria-hidden=\"true\"><\/span><span class=\"forminator-radio-label\">Secretaris<\/span><\/label><\/div><\/div><\/div><div class=\"forminator-row\"><div id=\"select-1\" class=\"forminator-field-select forminator-col forminator-col-12 \"><div class=\"forminator-field\"><label for=\"forminator-form-26132__field--select-1_69e643a278a08\" id=\"forminator-form-26132__field--select-1_69e643a278a08-label\" class=\"forminator-label\">Beschikbaarheid <span class=\"forminator-required\">*<\/span><\/label><select  id=\"forminator-form-26132__field--select-1_69e643a278a08\" class=\"forminator-select--field forminator-select2 forminator-select2-multiple\" data-required=\"1\" name=\"select-1\" data-default-value=\"\" data-placeholder=\"Selecteer een optie\" data-search=\"false\" data-search-placeholder=\"Selecteer een optie\" data-checkbox=\"false\" data-allow-clear=\"false\" aria-labelledby=\"forminator-form-26132__field--select-1_69e643a278a08-label\"><option value=\"\"  >Selecteer een optie<\/option><option value=\"tijdelijk-voltooid\"  data-calculation=\"0\">Tijdelijk voltooid<\/option><option value=\"1-dag-week\"  data-calculation=\"0\">1 dag \/ week<\/option><option value=\"2-dag-week\"  data-calculation=\"0\">2 dag \/ week<\/option><option value=\"3-dag-week\"  data-calculation=\"0\">3 dag \/ week<\/option><option value=\"4-dag-week\"  data-calculation=\"0\">4 dag \/ week<\/option><\/select><\/div><\/div><\/div><div class=\"forminator-row\"><div id=\"name-2\" class=\"forminator-field-name forminator-col forminator-col-6  uk-width-1-2@m\"><div class=\"forminator-field\"><label for=\"forminator-field-name-2_69e643a278a08\" id=\"forminator-field-name-2_69e643a278a08-label\" class=\"forminator-label\">Voornaam <span class=\"forminator-required\">*<\/span><\/label><input type=\"text\" name=\"name-2\" value=\"\" placeholder=\"Voornaam\" id=\"forminator-field-name-2_69e643a278a08\" class=\"forminator-input forminator-name--field\" aria-required=\"true\" autocomplete=\"name\" \/><\/div><\/div><div id=\"name-1\" class=\"forminator-field-name forminator-col forminator-col-6  uk-width-1-2@m\"><div class=\"forminator-field\"><label for=\"forminator-field-name-1_69e643a278a08\" id=\"forminator-field-name-1_69e643a278a08-label\" class=\"forminator-label\">Achternaam <span class=\"forminator-required\">*<\/span><\/label><input type=\"text\" name=\"name-1\" value=\"\" placeholder=\"Achternaam\" id=\"forminator-field-name-1_69e643a278a08\" class=\"forminator-input forminator-name--field\" aria-required=\"true\" autocomplete=\"name\" \/><\/div><\/div><\/div><div class=\"forminator-row\"><div id=\"phone-1\" class=\"forminator-field-phone forminator-col forminator-col-6 \"><div class=\"forminator-field\"><label for=\"forminator-field-phone-1_69e643a278a08\" id=\"forminator-field-phone-1_69e643a278a08-label\" class=\"forminator-label\">Phone <span class=\"forminator-required\">*<\/span><\/label><input type=\"text\" name=\"phone-1\" value=\"\" placeholder=\"06 99 99 99 99\" id=\"forminator-field-phone-1_69e643a278a08\" class=\"forminator-input forminator-field--phone\" data-required=\"1\" aria-required=\"true\" autocomplete=\"off\" data-validation=\"true\" \/><\/div><\/div><div id=\"email-1\" class=\"forminator-field-email forminator-col forminator-col-6 \"><div class=\"forminator-field\"><label for=\"forminator-field-email-1_69e643a278a08\" id=\"forminator-field-email-1_69e643a278a08-label\" class=\"forminator-label\">Email <span class=\"forminator-required\">*<\/span><\/label><input type=\"email\" name=\"email-1\" value=\"\" placeholder=\"your@mail.com\" id=\"forminator-field-email-1_69e643a278a08\" class=\"forminator-input forminator-email--field\" data-required=\"true\" aria-required=\"true\" autocomplete=\"email\" \/><\/div><\/div><\/div><div class=\"forminator-row\"><div id=\"address-1\" class=\"forminator-field-address forminator-col forminator-col-12 \"><div class=\"forminator-row\" data-multiple=\"false\"><div id=\"address-1-city\" class=\"forminator-col forminator-col-12\"><div class=\"forminator-field\"><label for=\"forminator-field-address-1-city_69e643a278a08\" id=\"forminator-field-address-1-city_69e643a278a08-label\" class=\"forminator-label\">Stad <span class=\"forminator-required\">*<\/span><\/label><input type=\"text\" name=\"address-1-city\" placeholder=\"Stad\" id=\"forminator-field-address-1-city_69e643a278a08\" class=\"forminator-input\" data-required=\"1\" aria-required=\"true\" autocomplete=\"address-level2\" value=\"\" \/><\/div><\/div><\/div><\/div><\/div><div class=\"forminator-row\"><div id=\"upload-1\" class=\"forminator-field-upload forminator-col forminator-col-6 \"><div class=\"forminator-field\"><label for=\"forminator-field-upload-1_69e643a278a08\" id=\"forminator-field-upload-1_69e643a278a08-label\" class=\"forminator-label\">Je cv <span class=\"forminator-required\">*<\/span><\/label><div class=\"forminator-file-upload \" data-element=\"upload-1_69e643a278a08\" aria-describedby=\"forminator-field-upload-1_69e643a278a08-description\"><input type=\"file\" name=\"upload-1\" id=\"forminator-field-upload-1_69e643a278a08\" class=\"forminator-input-file-required do-validate\" accept=\".pdf,.doc,.docx,.odt\" tabindex=\"-1\"><button id=\"forminator-field-upload-1_69e643a278a08_button\" class=\"forminator-button forminator-button-upload\" data-id=\"forminator-field-upload-1_69e643a278a08\">Kies bestand<\/button><span data-empty-text=\"Geen bestand gekozen\">Geen bestand gekozen<\/span><button class=\"forminator-button-delete\" style=\"display: none;\"><i class=\"forminator-icon-close\" aria-hidden=\"true\"><\/i><span class=\"forminator-screen-reader-only\">Ge\u00fcpload bestand verwijderen<\/span><\/button><\/div><span id=\"forminator-field-upload-1_69e643a278a08-description\" class=\"forminator-description\">(bestandstype: doc, docx, pdf; 8Mb max)<\/span><\/div><\/div><div id=\"upload-2\" class=\"forminator-field-upload forminator-col forminator-col-6 \"><div class=\"forminator-field\"><label for=\"forminator-field-upload-2_69e643a278a08\" id=\"forminator-field-upload-2_69e643a278a08-label\" class=\"forminator-label\">Voorblad <span class=\"forminator-required\">*<\/span><\/label><div class=\"forminator-file-upload \" data-element=\"upload-2_69e643a278a08\" aria-describedby=\"forminator-field-upload-2_69e643a278a08-description\"><input type=\"file\" name=\"upload-2\" id=\"forminator-field-upload-2_69e643a278a08\" class=\"forminator-input-file-required do-validate\" accept=\".pdf,.doc,.docx,.odt\" tabindex=\"-1\"><button id=\"forminator-field-upload-2_69e643a278a08_button\" class=\"forminator-button forminator-button-upload\" data-id=\"forminator-field-upload-2_69e643a278a08\">Kies bestand<\/button><span data-empty-text=\"Geen bestand gekozen\">Geen bestand gekozen<\/span><button class=\"forminator-button-delete\" style=\"display: none;\"><i class=\"forminator-icon-close\" aria-hidden=\"true\"><\/i><span class=\"forminator-screen-reader-only\">Ge\u00fcpload bestand verwijderen<\/span><\/button><\/div><span id=\"forminator-field-upload-2_69e643a278a08-description\" class=\"forminator-description\">(bestandstype: doc, docx, pdf; 8Mb max)<\/span><\/div><\/div><\/div><div class=\"forminator-row\"><div id=\"textarea-1\" class=\"forminator-field-textarea forminator-col forminator-col-12 \"><div class=\"forminator-field\"><label for=\"forminator-field-textarea-1_69e643a278a08\" id=\"forminator-field-textarea-1_69e643a278a08-label\" class=\"forminator-label\">Bericht <span class=\"forminator-required\">*<\/span><\/label><textarea name=\"textarea-1\" placeholder=\"Voer uw bericht in...\" id=\"forminator-field-textarea-1_69e643a278a08\" class=\"forminator-textarea\" rows=\"6\" style=\"--forminator-textarea-min-height:140px;\" ><\/textarea><\/div><\/div><\/div><div class=\"forminator-row\"><div id=\"checkbox-1\" class=\"forminator-field-checkbox forminator-col forminator-col-12  uk-text-center\"><div role=\"group\" class=\"forminator-field required\" aria-labelledby=\"forminator-checkbox-group-forminator-field-checkbox-1-69e643a278a08-label\"><label id=\"forminator-field-checkbox-1-1-69e643a278a08-label\" for=\"forminator-field-checkbox-1-1-69e643a278a08\" class=\"forminator-checkbox\" title=\"Ik ga ermee akkoord dat mijn gegevens worden verzameld door BS GROUPE als gegevensbeheerder om uw contactverzoek te verwerken. **\"><input type=\"checkbox\" name=\"checkbox-1[]\" value=\"ik-ga-ermee-akkoord-dat-mijn-gegevens-worden-verzameld-door-bs-groupe-als-gegevensbeheerder-om-uw-contactverzoek-te-verwerken\" id=\"forminator-field-checkbox-1-1-69e643a278a08\" aria-labelledby=\"forminator-field-checkbox-1-1-69e643a278a08-label\" data-calculation=\"0\"  \/><span class=\"forminator-checkbox-box\" aria-hidden=\"true\"><\/span><span class=\"forminator-checkbox-label\">Ik ga ermee akkoord dat mijn gegevens worden verzameld door BS GROUPE als gegevensbeheerder om uw contactverzoek te verwerken. **<\/span><\/label><\/div><\/div><\/div><input type=\"hidden\" name=\"referer_url\" value=\"\" \/><div class=\"forminator-row forminator-row-last\"><div class=\"forminator-col\"><div class=\"forminator-field\"><button class=\"forminator-button forminator-button-submit uk-flex-center\">Indienen<\/button><\/div><\/div><\/div><input type=\"hidden\" id=\"forminator_nonce\" name=\"forminator_nonce\" value=\"f3d2ab1015\" \/><input type=\"hidden\" name=\"_wp_http_referer\" value=\"\/be\/wp-json\/wp\/v2\/pages\/26011\" \/><input type=\"hidden\" name=\"form_id\" value=\"26132\"><input type=\"hidden\" name=\"page_id\" value=\"26011\"><input type=\"hidden\" name=\"form_type\" value=\"\"><input type=\"hidden\" name=\"current_url\" value=\"https:\/\/sharp-galois.217-154-146-230.plesk.page\/be\/werving\/\"><input type=\"hidden\" name=\"render_id\" value=\"0\"><input type=\"hidden\" name=\"action\" value=\"forminator_submit_form_custom-forms\"><label for=\"input_12\" class=\"forminator-hidden\" aria-hidden=\"true\">Vul dit veld niet in. <input id=\"input_12\" type=\"text\" name=\"input_12\" value=\"\" autocomplete=\"off\"><\/label><\/form><\/div>\n\n\n\n<div class=\"uk-text-small\"><a uk-toggle=\"target: #news_rgpd1\" aria-expanded=\"false\" class=\"text_link\">Klik hier voor meer details**<\/a><\/div>\n<div id=\"news_rgpd1\" class=\"uk-text-small\" hidden=\"\">\n<p>Velden gemarkeerd met een sterretje zijn verplicht, anders kan uw verzoek niet worden verwerkt. Overeenkomstig de geldende regelgeving heeft u recht op toegang tot, rectificatie en verwijdering van uw gegevens, alsmede het recht om bezwaar te maken tegen en beperkingen op te leggen aan de verwerking van de u betreffende gegevens. U hebt ook het recht op overdraagbaarheid van uw persoonsgegevens en de mogelijkheid om instructies te geven over wat er met uw gegevens moet gebeuren na uw overlijden. Om deze rechten uit te oefenen, stuurt u uw verzoek naar <a class=\"text_link\" href=\"mailto:dpo@lazeo.com\">dpo@lazeo.com<\/a>. Voor meer informatie, zie   Pour plus d\u2019informations, vous pouvez consulter notre <a class=\"text_link\" href=\"https:\/\/sharp-galois.217-154-146-230.plesk.page\/politique-de-confidentialite\/\">ons privacybeleid<\/a>.<\/p>\n<\/div>\n\n\n\n<p class=\"has-text-align-center\"><strong><a style=\"color:blue\" href=\"https:\/\/www.linkedin.com\/company\/lazeo\/\" target=\"_blank\" rel=\"noreferrer noopener\">Volg ons op LinkedIn<\/a><\/strong><\/p>\n","protected":false},"excerpt":{"rendered":"<p>Wanneer u bij Lazeo komt werken, betekent dit dat u volledig deel gaat uitmaken van een unieke geschiedenis waarin nieuwe uitdagingen centraal staan. Lazeo is ontstaan uit de passie van een arts voor cosmetische ingrepen en is vandaag de dag een toonaangevende groep in de cosmetische geneeskunde in Frankrijk. We werken op dit moment met [&hellip;]<\/p>\n","protected":false},"author":6,"featured_media":0,"parent":0,"menu_order":80,"comment_status":"closed","ping_status":"closed","template":"tpl.page-default.php","meta":{"_acf_changed":false,"footnotes":""},"class_list":["post-26011","page","type-page","status-publish","hentry"],"acf":[],"yoast_head":"<!-- This site is optimized with the Yoast SEO Premium plugin v25.7 (Yoast SEO v27.4) - https:\/\/yoast.com\/product\/yoast-seo-premium-wordpress\/ -->\n<title>Werving - LAZEO - M\u00e9decine esth\u00e9tique - \u00c9pilation laser<\/title>\n<meta name=\"description\" content=\"Werving - LAZEO - M\u00e9decine esth\u00e9tique - \u00c9pilation laser\" \/>\n<meta name=\"robots\" content=\"index, follow, max-snippet:-1, max-image-preview:large, max-video-preview:-1\" \/>\n<link rel=\"canonical\" href=\"https:\/\/sharp-galois.217-154-146-230.plesk.page\/be\/werving\/\" \/>\n<meta property=\"og:locale\" content=\"nl_BE\" \/>\n<meta property=\"og:type\" content=\"article\" \/>\n<meta property=\"og:title\" content=\"Werving\" \/>\n<meta property=\"og:description\" content=\"Werving - LAZEO - M\u00e9decine esth\u00e9tique - \u00c9pilation laser\" \/>\n<meta property=\"og:url\" content=\"https:\/\/sharp-galois.217-154-146-230.plesk.page\/be\/werving\/\" \/>\n<meta property=\"og:site_name\" content=\"LAZEO\" \/>\n<meta property=\"article:publisher\" content=\"https:\/\/www.facebook.com\/lazeo.medecine.esthetique\/?locale=fr_FR\" \/>\n<meta property=\"article:modified_time\" content=\"2021-10-21T07:57:18+00:00\" \/>\n<meta name=\"twitter:card\" content=\"summary_large_image\" \/>\n<meta name=\"twitter:label1\" content=\"Geschatte leestijd\" \/>\n\t<meta name=\"twitter:data1\" content=\"1 minuut\" \/>\n<script type=\"application\/ld+json\" class=\"yoast-schema-graph\">{\"@context\":\"https:\\\/\\\/schema.org\",\"@graph\":[{\"@type\":\"WebPage\",\"@id\":\"https:\\\/\\\/sharp-galois.217-154-146-230.plesk.page\\\/be\\\/werving\\\/\",\"url\":\"https:\\\/\\\/sharp-galois.217-154-146-230.plesk.page\\\/be\\\/werving\\\/\",\"name\":\"Werving - LAZEO - M\u00e9decine esth\u00e9tique - \u00c9pilation laser\",\"isPartOf\":{\"@id\":\"https:\\\/\\\/www.lazeo.com\\\/#website\"},\"datePublished\":\"2020-07-08T05:59:27+00:00\",\"dateModified\":\"2021-10-21T07:57:18+00:00\",\"description\":\"Werving - LAZEO - M\u00e9decine esth\u00e9tique - \u00c9pilation laser\",\"breadcrumb\":{\"@id\":\"https:\\\/\\\/sharp-galois.217-154-146-230.plesk.page\\\/be\\\/werving\\\/#breadcrumb\"},\"inLanguage\":\"nl-BE\",\"potentialAction\":[{\"@type\":\"ReadAction\",\"target\":[\"https:\\\/\\\/sharp-galois.217-154-146-230.plesk.page\\\/be\\\/werving\\\/\"]}]},{\"@type\":\"BreadcrumbList\",\"@id\":\"https:\\\/\\\/sharp-galois.217-154-146-230.plesk.page\\\/be\\\/werving\\\/#breadcrumb\",\"itemListElement\":[{\"@type\":\"ListItem\",\"position\":1,\"name\":\"Startpagina\",\"item\":\"https:\\\/\\\/sharp-galois.217-154-146-230.plesk.page\\\/be\\\/home\\\/\"},{\"@type\":\"ListItem\",\"position\":2,\"name\":\"Werving\"}]},{\"@type\":\"WebSite\",\"@id\":\"https:\\\/\\\/www.lazeo.com\\\/#website\",\"url\":\"https:\\\/\\\/www.lazeo.com\\\/\",\"name\":\"LAZEO\",\"description\":\"M\u00e9decine esth\u00e9tique - \u00c9pilation laser\",\"publisher\":{\"@id\":\"https:\\\/\\\/www.lazeo.com\\\/#organization\"},\"potentialAction\":[{\"@type\":\"SearchAction\",\"target\":{\"@type\":\"EntryPoint\",\"urlTemplate\":\"https:\\\/\\\/www.lazeo.com\\\/?s={search_term_string}\"},\"query-input\":{\"@type\":\"PropertyValueSpecification\",\"valueRequired\":true,\"valueName\":\"search_term_string\"}}],\"inLanguage\":\"nl-BE\"},{\"@type\":\"Organization\",\"@id\":\"https:\\\/\\\/www.lazeo.com\\\/#organization\",\"name\":\"Lazeo\",\"url\":\"https:\\\/\\\/www.lazeo.com\\\/\",\"logo\":{\"@type\":\"ImageObject\",\"inLanguage\":\"nl-BE\",\"@id\":\"https:\\\/\\\/www.lazeo.com\\\/#\\\/schema\\\/logo\\\/image\\\/\",\"url\":\"https:\\\/\\\/sharp-galois.217-154-146-230.plesk.page\\\/wp-content\\\/uploads\\\/favicon.svg\",\"contentUrl\":\"https:\\\/\\\/sharp-galois.217-154-146-230.plesk.page\\\/wp-content\\\/uploads\\\/favicon.svg\",\"width\":1,\"height\":1,\"caption\":\"Lazeo\"},\"image\":{\"@id\":\"https:\\\/\\\/www.lazeo.com\\\/#\\\/schema\\\/logo\\\/image\\\/\"},\"sameAs\":[\"https:\\\/\\\/www.facebook.com\\\/lazeo.medecine.esthetique\\\/?locale=fr_FR\",\"https:\\\/\\\/www.instagram.com\\\/lazeofrance\\\/\",\"https:\\\/\\\/fr.pinterest.com\\\/LAZEOParis\\\/\",\"https:\\\/\\\/www.youtube.com\\\/channel\\\/UCYsthzOvY6nXPJLAQ4BliBQ\"]}]}<\/script>\n<!-- \/ Yoast SEO Premium plugin. -->","yoast_head_json":{"title":"Werving - LAZEO - M\u00e9decine esth\u00e9tique - \u00c9pilation laser","description":"Werving - LAZEO - M\u00e9decine esth\u00e9tique - \u00c9pilation laser","robots":{"index":"index","follow":"follow","max-snippet":"max-snippet:-1","max-image-preview":"max-image-preview:large","max-video-preview":"max-video-preview:-1"},"canonical":"https:\/\/sharp-galois.217-154-146-230.plesk.page\/be\/werving\/","og_locale":"nl_BE","og_type":"article","og_title":"Werving","og_description":"Werving - LAZEO - M\u00e9decine esth\u00e9tique - \u00c9pilation laser","og_url":"https:\/\/sharp-galois.217-154-146-230.plesk.page\/be\/werving\/","og_site_name":"LAZEO","article_publisher":"https:\/\/www.facebook.com\/lazeo.medecine.esthetique\/?locale=fr_FR","article_modified_time":"2021-10-21T07:57:18+00:00","twitter_card":"summary_large_image","twitter_misc":{"Geschatte leestijd":"1 minuut"},"schema":{"@context":"https:\/\/schema.org","@graph":[{"@type":"WebPage","@id":"https:\/\/sharp-galois.217-154-146-230.plesk.page\/be\/werving\/","url":"https:\/\/sharp-galois.217-154-146-230.plesk.page\/be\/werving\/","name":"Werving - LAZEO - M\u00e9decine esth\u00e9tique - \u00c9pilation laser","isPartOf":{"@id":"https:\/\/www.lazeo.com\/#website"},"datePublished":"2020-07-08T05:59:27+00:00","dateModified":"2021-10-21T07:57:18+00:00","description":"Werving - LAZEO - M\u00e9decine esth\u00e9tique - \u00c9pilation laser","breadcrumb":{"@id":"https:\/\/sharp-galois.217-154-146-230.plesk.page\/be\/werving\/#breadcrumb"},"inLanguage":"nl-BE","potentialAction":[{"@type":"ReadAction","target":["https:\/\/sharp-galois.217-154-146-230.plesk.page\/be\/werving\/"]}]},{"@type":"BreadcrumbList","@id":"https:\/\/sharp-galois.217-154-146-230.plesk.page\/be\/werving\/#breadcrumb","itemListElement":[{"@type":"ListItem","position":1,"name":"Startpagina","item":"https:\/\/sharp-galois.217-154-146-230.plesk.page\/be\/home\/"},{"@type":"ListItem","position":2,"name":"Werving"}]},{"@type":"WebSite","@id":"https:\/\/www.lazeo.com\/#website","url":"https:\/\/www.lazeo.com\/","name":"LAZEO","description":"M\u00e9decine esth\u00e9tique - \u00c9pilation laser","publisher":{"@id":"https:\/\/www.lazeo.com\/#organization"},"potentialAction":[{"@type":"SearchAction","target":{"@type":"EntryPoint","urlTemplate":"https:\/\/www.lazeo.com\/?s={search_term_string}"},"query-input":{"@type":"PropertyValueSpecification","valueRequired":true,"valueName":"search_term_string"}}],"inLanguage":"nl-BE"},{"@type":"Organization","@id":"https:\/\/www.lazeo.com\/#organization","name":"Lazeo","url":"https:\/\/www.lazeo.com\/","logo":{"@type":"ImageObject","inLanguage":"nl-BE","@id":"https:\/\/www.lazeo.com\/#\/schema\/logo\/image\/","url":"https:\/\/sharp-galois.217-154-146-230.plesk.page\/wp-content\/uploads\/favicon.svg","contentUrl":"https:\/\/sharp-galois.217-154-146-230.plesk.page\/wp-content\/uploads\/favicon.svg","width":1,"height":1,"caption":"Lazeo"},"image":{"@id":"https:\/\/www.lazeo.com\/#\/schema\/logo\/image\/"},"sameAs":["https:\/\/www.facebook.com\/lazeo.medecine.esthetique\/?locale=fr_FR","https:\/\/www.instagram.com\/lazeofrance\/","https:\/\/fr.pinterest.com\/LAZEOParis\/","https:\/\/www.youtube.com\/channel\/UCYsthzOvY6nXPJLAQ4BliBQ"]}]}},"_links":{"self":[{"href":"https:\/\/sharp-galois.217-154-146-230.plesk.page\/be\/wp-json\/wp\/v2\/pages\/26011","targetHints":{"allow":["GET"]}}],"collection":[{"href":"https:\/\/sharp-galois.217-154-146-230.plesk.page\/be\/wp-json\/wp\/v2\/pages"}],"about":[{"href":"https:\/\/sharp-galois.217-154-146-230.plesk.page\/be\/wp-json\/wp\/v2\/types\/page"}],"author":[{"embeddable":true,"href":"https:\/\/sharp-galois.217-154-146-230.plesk.page\/be\/wp-json\/wp\/v2\/users\/6"}],"replies":[{"embeddable":true,"href":"https:\/\/sharp-galois.217-154-146-230.plesk.page\/be\/wp-json\/wp\/v2\/comments?post=26011"}],"version-history":[{"count":0,"href":"https:\/\/sharp-galois.217-154-146-230.plesk.page\/be\/wp-json\/wp\/v2\/pages\/26011\/revisions"}],"wp:attachment":[{"href":"https:\/\/sharp-galois.217-154-146-230.plesk.page\/be\/wp-json\/wp\/v2\/media?parent=26011"}],"curies":[{"name":"wp","href":"https:\/\/api.w.org\/{rel}","templated":true}]}}