{"id":25934,"date":"2020-03-14T22:46:10","date_gmt":"2020-03-14T21:46:10","guid":{"rendered":"https:\/\/sharp-galois.217-154-146-230.plesk.page\/onze-expertise\/"},"modified":"2021-10-21T09:57:21","modified_gmt":"2021-10-21T07:57:21","slug":"onze-expertise","status":"publish","type":"page","link":"https:\/\/sharp-galois.217-154-146-230.plesk.page\/be\/onze-expertise\/","title":{"rendered":"Onze expertise"},"content":{"rendered":"<p><span data-sheets-userformat=\"{&quot;2&quot;:128,&quot;10&quot;:1}\">De vooruitgang van de esthetische geneeskunde vandaag de dag geeft iedereen de mogelijkheid om op een natuurlijke, veilige manier en met concreet resultaat er jonger uit te zien, af te slanken of imperfecties te corrigeren zonder een zware operatie te hoeven ondergaan.<br \/>\n<\/span><span data-sheets-userformat=\"{&quot;2&quot;:128,&quot;10&quot;:1}\">LAZEO, die bekend staat om zijn <span style=\"color: #c77e77\">vakkennis<\/span> en zijn <span style=\"color: #c77e77\">geneeskundige expertise<\/span>, biedt de nieuwste <span style=\"color: #c77e77\">innovatieve <\/span>behandelingen om aan alle <span style=\"color: #c77e77\">vereisten<\/span> en <span style=\"color: #c77e77\">behoeften<\/span> te kunnen voldoen.<\/span><\/p>\n\n<p><\/p>\n","protected":false},"excerpt":{"rendered":"<p>De vooruitgang van de esthetische geneeskunde vandaag de dag geeft iedereen de mogelijkheid om op een natuurlijke, veilige manier en met concreet resultaat er jonger uit te zien, af te slanken of imperfecties te corrigeren zonder een zware operatie te hoeven ondergaan. LAZEO, die bekend staat om zijn vakkennis en zijn geneeskundige expertise, biedt de [&hellip;]<\/p>\n","protected":false},"author":6,"featured_media":81919,"parent":0,"menu_order":74,"comment_status":"closed","ping_status":"closed","template":"tpl.expertise.php","meta":{"_acf_changed":false,"footnotes":""},"class_list":["post-25934","page","type-page","status-publish","has-post-thumbnail","hentry"],"acf":[],"yoast_head":"<!-- This site is optimized with the Yoast SEO Premium plugin v25.7 (Yoast SEO v27.4) - https:\/\/yoast.com\/product\/yoast-seo-premium-wordpress\/ -->\n<title>Onze expertise - LAZEO - M\u00e9decine esth\u00e9tique - \u00c9pilation laser<\/title>\n<meta name=\"description\" content=\"Onze expertise - LAZEO - M\u00e9decine esth\u00e9tique - \u00c9pilation laser\" \/>\n<meta name=\"robots\" content=\"index, follow, max-snippet:-1, max-image-preview:large, max-video-preview:-1\" \/>\n<link rel=\"canonical\" href=\"https:\/\/sharp-galois.217-154-146-230.plesk.page\/be\/onze-expertise\/\" \/>\n<meta property=\"og:locale\" content=\"nl_BE\" \/>\n<meta property=\"og:type\" content=\"article\" \/>\n<meta property=\"og:title\" content=\"Onze expertise\" \/>\n<meta property=\"og:description\" content=\"Onze expertise - LAZEO - M\u00e9decine esth\u00e9tique - \u00c9pilation laser\" \/>\n<meta property=\"og:url\" content=\"https:\/\/sharp-galois.217-154-146-230.plesk.page\/be\/onze-expertise\/\" \/>\n<meta property=\"og:site_name\" content=\"LAZEO\" \/>\n<meta property=\"article:publisher\" content=\"https:\/\/www.facebook.com\/lazeo.medecine.esthetique\/?locale=fr_FR\" \/>\n<meta property=\"article:modified_time\" content=\"2021-10-21T07:57:21+00:00\" \/>\n<meta property=\"og:image\" content=\"https:\/\/www.lazeo.com\/wp-content\/uploads\/couverture_expertise-scaled-1.webp\" \/>\n\t<meta property=\"og:image:width\" content=\"2048\" \/>\n\t<meta property=\"og:image:height\" content=\"442\" \/>\n\t<meta property=\"og:image:type\" content=\"image\/webp\" \/>\n<meta name=\"twitter:card\" content=\"summary_large_image\" \/>\n<script type=\"application\/ld+json\" class=\"yoast-schema-graph\">{\"@context\":\"https:\\\/\\\/schema.org\",\"@graph\":[{\"@type\":\"WebPage\",\"@id\":\"https:\\\/\\\/sharp-galois.217-154-146-230.plesk.page\\\/be\\\/onze-expertise\\\/\",\"url\":\"https:\\\/\\\/sharp-galois.217-154-146-230.plesk.page\\\/be\\\/onze-expertise\\\/\",\"name\":\"Onze expertise - LAZEO - M\u00e9decine esth\u00e9tique - \u00c9pilation laser\",\"isPartOf\":{\"@id\":\"https:\\\/\\\/www.lazeo.com\\\/#website\"},\"primaryImageOfPage\":{\"@id\":\"https:\\\/\\\/sharp-galois.217-154-146-230.plesk.page\\\/be\\\/onze-expertise\\\/#primaryimage\"},\"image\":{\"@id\":\"https:\\\/\\\/sharp-galois.217-154-146-230.plesk.page\\\/be\\\/onze-expertise\\\/#primaryimage\"},\"thumbnailUrl\":\"https:\\\/\\\/sharp-galois.217-154-146-230.plesk.page\\\/wp-content\\\/uploads\\\/couverture_expertise-scaled-1.webp\",\"datePublished\":\"2020-03-14T21:46:10+00:00\",\"dateModified\":\"2021-10-21T07:57:21+00:00\",\"description\":\"Onze expertise - LAZEO - M\u00e9decine esth\u00e9tique - \u00c9pilation laser\",\"breadcrumb\":{\"@id\":\"https:\\\/\\\/sharp-galois.217-154-146-230.plesk.page\\\/be\\\/onze-expertise\\\/#breadcrumb\"},\"inLanguage\":\"nl-BE\",\"potentialAction\":[{\"@type\":\"ReadAction\",\"target\":[\"https:\\\/\\\/sharp-galois.217-154-146-230.plesk.page\\\/be\\\/onze-expertise\\\/\"]}]},{\"@type\":\"ImageObject\",\"inLanguage\":\"nl-BE\",\"@id\":\"https:\\\/\\\/sharp-galois.217-154-146-230.plesk.page\\\/be\\\/onze-expertise\\\/#primaryimage\",\"url\":\"https:\\\/\\\/sharp-galois.217-154-146-230.plesk.page\\\/wp-content\\\/uploads\\\/couverture_expertise-scaled-1.webp\",\"contentUrl\":\"https:\\\/\\\/sharp-galois.217-154-146-230.plesk.page\\\/wp-content\\\/uploads\\\/couverture_expertise-scaled-1.webp\",\"width\":2048,\"height\":442,\"caption\":\"couverture_expertise-scaled\"},{\"@type\":\"BreadcrumbList\",\"@id\":\"https:\\\/\\\/sharp-galois.217-154-146-230.plesk.page\\\/be\\\/onze-expertise\\\/#breadcrumb\",\"itemListElement\":[{\"@type\":\"ListItem\",\"position\":1,\"name\":\"Startpagina\",\"item\":\"https:\\\/\\\/sharp-galois.217-154-146-230.plesk.page\\\/be\\\/home\\\/\"},{\"@type\":\"ListItem\",\"position\":2,\"name\":\"Onze expertise\"}]},{\"@type\":\"WebSite\",\"@id\":\"https:\\\/\\\/www.lazeo.com\\\/#website\",\"url\":\"https:\\\/\\\/www.lazeo.com\\\/\",\"name\":\"LAZEO\",\"description\":\"M\u00e9decine esth\u00e9tique - \u00c9pilation laser\",\"publisher\":{\"@id\":\"https:\\\/\\\/www.lazeo.com\\\/#organization\"},\"potentialAction\":[{\"@type\":\"SearchAction\",\"target\":{\"@type\":\"EntryPoint\",\"urlTemplate\":\"https:\\\/\\\/www.lazeo.com\\\/?s={search_term_string}\"},\"query-input\":{\"@type\":\"PropertyValueSpecification\",\"valueRequired\":true,\"valueName\":\"search_term_string\"}}],\"inLanguage\":\"nl-BE\"},{\"@type\":\"Organization\",\"@id\":\"https:\\\/\\\/www.lazeo.com\\\/#organization\",\"name\":\"Lazeo\",\"url\":\"https:\\\/\\\/www.lazeo.com\\\/\",\"logo\":{\"@type\":\"ImageObject\",\"inLanguage\":\"nl-BE\",\"@id\":\"https:\\\/\\\/www.lazeo.com\\\/#\\\/schema\\\/logo\\\/image\\\/\",\"url\":\"https:\\\/\\\/sharp-galois.217-154-146-230.plesk.page\\\/wp-content\\\/uploads\\\/favicon.svg\",\"contentUrl\":\"https:\\\/\\\/sharp-galois.217-154-146-230.plesk.page\\\/wp-content\\\/uploads\\\/favicon.svg\",\"width\":1,\"height\":1,\"caption\":\"Lazeo\"},\"image\":{\"@id\":\"https:\\\/\\\/www.lazeo.com\\\/#\\\/schema\\\/logo\\\/image\\\/\"},\"sameAs\":[\"https:\\\/\\\/www.facebook.com\\\/lazeo.medecine.esthetique\\\/?locale=fr_FR\",\"https:\\\/\\\/www.instagram.com\\\/lazeofrance\\\/\",\"https:\\\/\\\/fr.pinterest.com\\\/LAZEOParis\\\/\",\"https:\\\/\\\/www.youtube.com\\\/channel\\\/UCYsthzOvY6nXPJLAQ4BliBQ\"]}]}<\/script>\n<!-- \/ Yoast SEO Premium plugin. -->","yoast_head_json":{"title":"Onze expertise - LAZEO - M\u00e9decine esth\u00e9tique - \u00c9pilation laser","description":"Onze expertise - LAZEO - M\u00e9decine esth\u00e9tique - \u00c9pilation laser","robots":{"index":"index","follow":"follow","max-snippet":"max-snippet:-1","max-image-preview":"max-image-preview:large","max-video-preview":"max-video-preview:-1"},"canonical":"https:\/\/sharp-galois.217-154-146-230.plesk.page\/be\/onze-expertise\/","og_locale":"nl_BE","og_type":"article","og_title":"Onze expertise","og_description":"Onze expertise - LAZEO - M\u00e9decine esth\u00e9tique - \u00c9pilation laser","og_url":"https:\/\/sharp-galois.217-154-146-230.plesk.page\/be\/onze-expertise\/","og_site_name":"LAZEO","article_publisher":"https:\/\/www.facebook.com\/lazeo.medecine.esthetique\/?locale=fr_FR","article_modified_time":"2021-10-21T07:57:21+00:00","og_image":[{"width":2048,"height":442,"url":"https:\/\/www.lazeo.com\/wp-content\/uploads\/couverture_expertise-scaled-1.webp","type":"image\/webp"}],"twitter_card":"summary_large_image","schema":{"@context":"https:\/\/schema.org","@graph":[{"@type":"WebPage","@id":"https:\/\/sharp-galois.217-154-146-230.plesk.page\/be\/onze-expertise\/","url":"https:\/\/sharp-galois.217-154-146-230.plesk.page\/be\/onze-expertise\/","name":"Onze expertise - LAZEO - M\u00e9decine esth\u00e9tique - \u00c9pilation laser","isPartOf":{"@id":"https:\/\/www.lazeo.com\/#website"},"primaryImageOfPage":{"@id":"https:\/\/sharp-galois.217-154-146-230.plesk.page\/be\/onze-expertise\/#primaryimage"},"image":{"@id":"https:\/\/sharp-galois.217-154-146-230.plesk.page\/be\/onze-expertise\/#primaryimage"},"thumbnailUrl":"https:\/\/sharp-galois.217-154-146-230.plesk.page\/wp-content\/uploads\/couverture_expertise-scaled-1.webp","datePublished":"2020-03-14T21:46:10+00:00","dateModified":"2021-10-21T07:57:21+00:00","description":"Onze expertise - LAZEO - M\u00e9decine esth\u00e9tique - \u00c9pilation laser","breadcrumb":{"@id":"https:\/\/sharp-galois.217-154-146-230.plesk.page\/be\/onze-expertise\/#breadcrumb"},"inLanguage":"nl-BE","potentialAction":[{"@type":"ReadAction","target":["https:\/\/sharp-galois.217-154-146-230.plesk.page\/be\/onze-expertise\/"]}]},{"@type":"ImageObject","inLanguage":"nl-BE","@id":"https:\/\/sharp-galois.217-154-146-230.plesk.page\/be\/onze-expertise\/#primaryimage","url":"https:\/\/sharp-galois.217-154-146-230.plesk.page\/wp-content\/uploads\/couverture_expertise-scaled-1.webp","contentUrl":"https:\/\/sharp-galois.217-154-146-230.plesk.page\/wp-content\/uploads\/couverture_expertise-scaled-1.webp","width":2048,"height":442,"caption":"couverture_expertise-scaled"},{"@type":"BreadcrumbList","@id":"https:\/\/sharp-galois.217-154-146-230.plesk.page\/be\/onze-expertise\/#breadcrumb","itemListElement":[{"@type":"ListItem","position":1,"name":"Startpagina","item":"https:\/\/sharp-galois.217-154-146-230.plesk.page\/be\/home\/"},{"@type":"ListItem","position":2,"name":"Onze expertise"}]},{"@type":"WebSite","@id":"https:\/\/www.lazeo.com\/#website","url":"https:\/\/www.lazeo.com\/","name":"LAZEO","description":"M\u00e9decine esth\u00e9tique - \u00c9pilation laser","publisher":{"@id":"https:\/\/www.lazeo.com\/#organization"},"potentialAction":[{"@type":"SearchAction","target":{"@type":"EntryPoint","urlTemplate":"https:\/\/www.lazeo.com\/?s={search_term_string}"},"query-input":{"@type":"PropertyValueSpecification","valueRequired":true,"valueName":"search_term_string"}}],"inLanguage":"nl-BE"},{"@type":"Organization","@id":"https:\/\/www.lazeo.com\/#organization","name":"Lazeo","url":"https:\/\/www.lazeo.com\/","logo":{"@type":"ImageObject","inLanguage":"nl-BE","@id":"https:\/\/www.lazeo.com\/#\/schema\/logo\/image\/","url":"https:\/\/sharp-galois.217-154-146-230.plesk.page\/wp-content\/uploads\/favicon.svg","contentUrl":"https:\/\/sharp-galois.217-154-146-230.plesk.page\/wp-content\/uploads\/favicon.svg","width":1,"height":1,"caption":"Lazeo"},"image":{"@id":"https:\/\/www.lazeo.com\/#\/schema\/logo\/image\/"},"sameAs":["https:\/\/www.facebook.com\/lazeo.medecine.esthetique\/?locale=fr_FR","https:\/\/www.instagram.com\/lazeofrance\/","https:\/\/fr.pinterest.com\/LAZEOParis\/","https:\/\/www.youtube.com\/channel\/UCYsthzOvY6nXPJLAQ4BliBQ"]}]}},"_links":{"self":[{"href":"https:\/\/sharp-galois.217-154-146-230.plesk.page\/be\/wp-json\/wp\/v2\/pages\/25934","targetHints":{"allow":["GET"]}}],"collection":[{"href":"https:\/\/sharp-galois.217-154-146-230.plesk.page\/be\/wp-json\/wp\/v2\/pages"}],"about":[{"href":"https:\/\/sharp-galois.217-154-146-230.plesk.page\/be\/wp-json\/wp\/v2\/types\/page"}],"author":[{"embeddable":true,"href":"https:\/\/sharp-galois.217-154-146-230.plesk.page\/be\/wp-json\/wp\/v2\/users\/6"}],"replies":[{"embeddable":true,"href":"https:\/\/sharp-galois.217-154-146-230.plesk.page\/be\/wp-json\/wp\/v2\/comments?post=25934"}],"version-history":[{"count":0,"href":"https:\/\/sharp-galois.217-154-146-230.plesk.page\/be\/wp-json\/wp\/v2\/pages\/25934\/revisions"}],"wp:featuredmedia":[{"embeddable":true,"href":"https:\/\/sharp-galois.217-154-146-230.plesk.page\/be\/wp-json\/wp\/v2\/media\/81919"}],"wp:attachment":[{"href":"https:\/\/sharp-galois.217-154-146-230.plesk.page\/be\/wp-json\/wp\/v2\/media?parent=25934"}],"curies":[{"name":"wp","href":"https:\/\/api.w.org\/{rel}","templated":true}]}}