{"id":25920,"date":"2013-08-20T08:39:11","date_gmt":"2013-08-20T06:39:11","guid":{"rendered":"https:\/\/sharp-galois.217-154-146-230.plesk.page\/neem-contact-met-ons-op\/"},"modified":"2021-11-03T11:52:57","modified_gmt":"2021-11-03T10:52:57","slug":"neem-contact-op","status":"publish","type":"page","link":"https:\/\/sharp-galois.217-154-146-230.plesk.page\/be\/neem-contact-op\/","title":{"rendered":"Heeft u vragen?"},"content":{"rendered":"\n<p class=\"uk-margin-large-bottom\">Dien uw verzoek in via het onderstaande formulier en onze teams nemen zo snel mogelijk contact met u op.<\/p>\n\n\n\n<div class=\"forminator-guttenberg\"><form id=\"forminator-module-26133\" class=\"forminator-custom-form forminator-custom-form-26133\" method=\"post\" data-forminator-render=\"0\" data-uid=\"69e6439207de5\"><div role=\"alert\" aria-live=\"polite\" class=\"forminator-response-message forminator-error\" aria-hidden=\"true\"><\/div><\/form><\/div>\n\n\n\n<div class=\"uk-text-small\"><a uk-toggle=\"target: #news_rgpd1\" aria-expanded=\"false\" class=\"text_link\">Klik hier voor meer details**<\/a><\/div>\n<div id=\"news_rgpd1\" class=\"uk-text-small\" hidden=\"\">\n<p>Velden gemarkeerd met een sterretje zijn verplicht, anders kan uw verzoek niet worden verwerkt. Overeenkomstig de geldende regelgeving heeft u recht op toegang tot, rectificatie en verwijdering van uw gegevens, alsmede het recht om bezwaar te maken tegen en beperkingen op te leggen aan de verwerking van de u betreffende gegevens. U hebt ook het recht op overdraagbaarheid van uw persoonsgegevens en de mogelijkheid om instructies te geven over wat er met uw gegevens moet gebeuren na uw overlijden. Om deze rechten uit te oefenen, stuurt u uw verzoek naar <a class=\"text_link\" href=\"mailto:dpo@lazeo.com\">dpo@lazeo.com<\/a>. Voor meer informatie, zie   Pour plus d\u2019informations, vous pouvez consulter notre <a class=\"text_link\" href=\"https:\/\/sharp-galois.217-154-146-230.plesk.page\/politique-de-confidentialite\/\">ons privacybeleid<\/a>.<\/p>\n<\/div>\n","protected":false},"excerpt":{"rendered":"<p>Dien uw verzoek in via het onderstaande formulier en onze teams nemen zo snel mogelijk contact met u op. Klik hier voor meer details** Velden gemarkeerd met een sterretje zijn verplicht, anders kan uw verzoek niet worden verwerkt. Overeenkomstig de geldende regelgeving heeft u recht op toegang tot, rectificatie en verwijdering van uw gegevens, alsmede [&hellip;]<\/p>\n","protected":false},"author":6,"featured_media":0,"parent":0,"menu_order":96,"comment_status":"closed","ping_status":"open","template":"tpl.page-default.php","meta":{"_acf_changed":false,"footnotes":""},"class_list":["post-25920","page","type-page","status-publish","hentry"],"acf":[],"yoast_head":"<!-- This site is optimized with the Yoast SEO Premium plugin v25.7 (Yoast SEO v27.4) - https:\/\/yoast.com\/product\/yoast-seo-premium-wordpress\/ -->\n<title>Heeft u vragen? - LAZEO - M\u00e9decine esth\u00e9tique - \u00c9pilation laser<\/title>\n<meta name=\"description\" content=\"Voor informatie of om een \u200b\u200bafspraak te maken, kunt u telefonisch contact opnemen met het Lazeo-centrum op +33 143291010 of per e-mail op contact@esthetique-paris.info\" \/>\n<meta name=\"robots\" content=\"index, follow, max-snippet:-1, max-image-preview:large, max-video-preview:-1\" \/>\n<link rel=\"canonical\" href=\"https:\/\/sharp-galois.217-154-146-230.plesk.page\/be\/neem-contact-op\/\" \/>\n<meta property=\"og:locale\" content=\"nl_BE\" \/>\n<meta property=\"og:type\" content=\"article\" \/>\n<meta property=\"og:title\" content=\"Heeft u vragen?\" \/>\n<meta property=\"og:description\" content=\"Heeft u vragen? - LAZEO - M\u00e9decine esth\u00e9tique - \u00c9pilation laser\" \/>\n<meta property=\"og:url\" content=\"https:\/\/sharp-galois.217-154-146-230.plesk.page\/be\/neem-contact-op\/\" \/>\n<meta property=\"og:site_name\" content=\"LAZEO\" \/>\n<meta property=\"article:publisher\" content=\"https:\/\/www.facebook.com\/lazeo.medecine.esthetique\/?locale=fr_FR\" \/>\n<meta property=\"article:modified_time\" content=\"2021-11-03T10:52:57+00:00\" \/>\n<meta name=\"twitter:card\" content=\"summary_large_image\" \/>\n<meta name=\"twitter:label1\" content=\"Geschatte leestijd\" \/>\n\t<meta name=\"twitter:data1\" content=\"1 minuut\" \/>\n<script type=\"application\/ld+json\" class=\"yoast-schema-graph\">{\"@context\":\"https:\\\/\\\/schema.org\",\"@graph\":[{\"@type\":\"WebPage\",\"@id\":\"https:\\\/\\\/sharp-galois.217-154-146-230.plesk.page\\\/be\\\/neem-contact-op\\\/\",\"url\":\"https:\\\/\\\/sharp-galois.217-154-146-230.plesk.page\\\/be\\\/neem-contact-op\\\/\",\"name\":\"Heeft u vragen? - LAZEO - M\u00e9decine esth\u00e9tique - \u00c9pilation laser\",\"isPartOf\":{\"@id\":\"https:\\\/\\\/www.lazeo.com\\\/#website\"},\"datePublished\":\"2013-08-20T06:39:11+00:00\",\"dateModified\":\"2021-11-03T10:52:57+00:00\",\"description\":\"Voor informatie of om een \u200b\u200bafspraak te maken, kunt u telefonisch contact opnemen met het Lazeo-centrum op +33 143291010 of per e-mail op contact@esthetique-paris.info\",\"breadcrumb\":{\"@id\":\"https:\\\/\\\/sharp-galois.217-154-146-230.plesk.page\\\/be\\\/neem-contact-op\\\/#breadcrumb\"},\"inLanguage\":\"nl-BE\",\"potentialAction\":[{\"@type\":\"ReadAction\",\"target\":[\"https:\\\/\\\/sharp-galois.217-154-146-230.plesk.page\\\/be\\\/neem-contact-op\\\/\"]}]},{\"@type\":\"BreadcrumbList\",\"@id\":\"https:\\\/\\\/sharp-galois.217-154-146-230.plesk.page\\\/be\\\/neem-contact-op\\\/#breadcrumb\",\"itemListElement\":[{\"@type\":\"ListItem\",\"position\":1,\"name\":\"Startpagina\",\"item\":\"https:\\\/\\\/sharp-galois.217-154-146-230.plesk.page\\\/be\\\/home\\\/\"},{\"@type\":\"ListItem\",\"position\":2,\"name\":\"Heeft u vragen?\"}]},{\"@type\":\"WebSite\",\"@id\":\"https:\\\/\\\/www.lazeo.com\\\/#website\",\"url\":\"https:\\\/\\\/www.lazeo.com\\\/\",\"name\":\"LAZEO\",\"description\":\"M\u00e9decine esth\u00e9tique - \u00c9pilation laser\",\"publisher\":{\"@id\":\"https:\\\/\\\/www.lazeo.com\\\/#organization\"},\"potentialAction\":[{\"@type\":\"SearchAction\",\"target\":{\"@type\":\"EntryPoint\",\"urlTemplate\":\"https:\\\/\\\/www.lazeo.com\\\/?s={search_term_string}\"},\"query-input\":{\"@type\":\"PropertyValueSpecification\",\"valueRequired\":true,\"valueName\":\"search_term_string\"}}],\"inLanguage\":\"nl-BE\"},{\"@type\":\"Organization\",\"@id\":\"https:\\\/\\\/www.lazeo.com\\\/#organization\",\"name\":\"Lazeo\",\"url\":\"https:\\\/\\\/www.lazeo.com\\\/\",\"logo\":{\"@type\":\"ImageObject\",\"inLanguage\":\"nl-BE\",\"@id\":\"https:\\\/\\\/www.lazeo.com\\\/#\\\/schema\\\/logo\\\/image\\\/\",\"url\":\"https:\\\/\\\/sharp-galois.217-154-146-230.plesk.page\\\/wp-content\\\/uploads\\\/favicon.svg\",\"contentUrl\":\"https:\\\/\\\/sharp-galois.217-154-146-230.plesk.page\\\/wp-content\\\/uploads\\\/favicon.svg\",\"width\":1,\"height\":1,\"caption\":\"Lazeo\"},\"image\":{\"@id\":\"https:\\\/\\\/www.lazeo.com\\\/#\\\/schema\\\/logo\\\/image\\\/\"},\"sameAs\":[\"https:\\\/\\\/www.facebook.com\\\/lazeo.medecine.esthetique\\\/?locale=fr_FR\",\"https:\\\/\\\/www.instagram.com\\\/lazeofrance\\\/\",\"https:\\\/\\\/fr.pinterest.com\\\/LAZEOParis\\\/\",\"https:\\\/\\\/www.youtube.com\\\/channel\\\/UCYsthzOvY6nXPJLAQ4BliBQ\"]}]}<\/script>\n<!-- \/ Yoast SEO Premium plugin. -->","yoast_head_json":{"title":"Heeft u vragen? - LAZEO - M\u00e9decine esth\u00e9tique - \u00c9pilation laser","description":"Voor informatie of om een \u200b\u200bafspraak te maken, kunt u telefonisch contact opnemen met het Lazeo-centrum op +33 143291010 of per e-mail op contact@esthetique-paris.info","robots":{"index":"index","follow":"follow","max-snippet":"max-snippet:-1","max-image-preview":"max-image-preview:large","max-video-preview":"max-video-preview:-1"},"canonical":"https:\/\/sharp-galois.217-154-146-230.plesk.page\/be\/neem-contact-op\/","og_locale":"nl_BE","og_type":"article","og_title":"Heeft u vragen?","og_description":"Heeft u vragen? - LAZEO - M\u00e9decine esth\u00e9tique - \u00c9pilation laser","og_url":"https:\/\/sharp-galois.217-154-146-230.plesk.page\/be\/neem-contact-op\/","og_site_name":"LAZEO","article_publisher":"https:\/\/www.facebook.com\/lazeo.medecine.esthetique\/?locale=fr_FR","article_modified_time":"2021-11-03T10:52:57+00:00","twitter_card":"summary_large_image","twitter_misc":{"Geschatte leestijd":"1 minuut"},"schema":{"@context":"https:\/\/schema.org","@graph":[{"@type":"WebPage","@id":"https:\/\/sharp-galois.217-154-146-230.plesk.page\/be\/neem-contact-op\/","url":"https:\/\/sharp-galois.217-154-146-230.plesk.page\/be\/neem-contact-op\/","name":"Heeft u vragen? - LAZEO - M\u00e9decine esth\u00e9tique - \u00c9pilation laser","isPartOf":{"@id":"https:\/\/www.lazeo.com\/#website"},"datePublished":"2013-08-20T06:39:11+00:00","dateModified":"2021-11-03T10:52:57+00:00","description":"Voor informatie of om een \u200b\u200bafspraak te maken, kunt u telefonisch contact opnemen met het Lazeo-centrum op +33 143291010 of per e-mail op contact@esthetique-paris.info","breadcrumb":{"@id":"https:\/\/sharp-galois.217-154-146-230.plesk.page\/be\/neem-contact-op\/#breadcrumb"},"inLanguage":"nl-BE","potentialAction":[{"@type":"ReadAction","target":["https:\/\/sharp-galois.217-154-146-230.plesk.page\/be\/neem-contact-op\/"]}]},{"@type":"BreadcrumbList","@id":"https:\/\/sharp-galois.217-154-146-230.plesk.page\/be\/neem-contact-op\/#breadcrumb","itemListElement":[{"@type":"ListItem","position":1,"name":"Startpagina","item":"https:\/\/sharp-galois.217-154-146-230.plesk.page\/be\/home\/"},{"@type":"ListItem","position":2,"name":"Heeft u vragen?"}]},{"@type":"WebSite","@id":"https:\/\/www.lazeo.com\/#website","url":"https:\/\/www.lazeo.com\/","name":"LAZEO","description":"M\u00e9decine esth\u00e9tique - \u00c9pilation laser","publisher":{"@id":"https:\/\/www.lazeo.com\/#organization"},"potentialAction":[{"@type":"SearchAction","target":{"@type":"EntryPoint","urlTemplate":"https:\/\/www.lazeo.com\/?s={search_term_string}"},"query-input":{"@type":"PropertyValueSpecification","valueRequired":true,"valueName":"search_term_string"}}],"inLanguage":"nl-BE"},{"@type":"Organization","@id":"https:\/\/www.lazeo.com\/#organization","name":"Lazeo","url":"https:\/\/www.lazeo.com\/","logo":{"@type":"ImageObject","inLanguage":"nl-BE","@id":"https:\/\/www.lazeo.com\/#\/schema\/logo\/image\/","url":"https:\/\/sharp-galois.217-154-146-230.plesk.page\/wp-content\/uploads\/favicon.svg","contentUrl":"https:\/\/sharp-galois.217-154-146-230.plesk.page\/wp-content\/uploads\/favicon.svg","width":1,"height":1,"caption":"Lazeo"},"image":{"@id":"https:\/\/www.lazeo.com\/#\/schema\/logo\/image\/"},"sameAs":["https:\/\/www.facebook.com\/lazeo.medecine.esthetique\/?locale=fr_FR","https:\/\/www.instagram.com\/lazeofrance\/","https:\/\/fr.pinterest.com\/LAZEOParis\/","https:\/\/www.youtube.com\/channel\/UCYsthzOvY6nXPJLAQ4BliBQ"]}]}},"_links":{"self":[{"href":"https:\/\/sharp-galois.217-154-146-230.plesk.page\/be\/wp-json\/wp\/v2\/pages\/25920","targetHints":{"allow":["GET"]}}],"collection":[{"href":"https:\/\/sharp-galois.217-154-146-230.plesk.page\/be\/wp-json\/wp\/v2\/pages"}],"about":[{"href":"https:\/\/sharp-galois.217-154-146-230.plesk.page\/be\/wp-json\/wp\/v2\/types\/page"}],"author":[{"embeddable":true,"href":"https:\/\/sharp-galois.217-154-146-230.plesk.page\/be\/wp-json\/wp\/v2\/users\/6"}],"replies":[{"embeddable":true,"href":"https:\/\/sharp-galois.217-154-146-230.plesk.page\/be\/wp-json\/wp\/v2\/comments?post=25920"}],"version-history":[{"count":0,"href":"https:\/\/sharp-galois.217-154-146-230.plesk.page\/be\/wp-json\/wp\/v2\/pages\/25920\/revisions"}],"wp:attachment":[{"href":"https:\/\/sharp-galois.217-154-146-230.plesk.page\/be\/wp-json\/wp\/v2\/media?parent=25920"}],"curies":[{"name":"wp","href":"https:\/\/api.w.org\/{rel}","templated":true}]}}