{"id":25811,"date":"2013-08-20T10:53:24","date_gmt":"2013-08-20T08:53:24","guid":{"rendered":"https:\/\/sharp-galois.217-154-146-230.plesk.page\/wettelijke-vermeldingen\/"},"modified":"2022-02-03T15:38:28","modified_gmt":"2022-02-03T14:38:28","slug":"wettelijke-vermeldingen","status":"publish","type":"page","link":"https:\/\/sharp-galois.217-154-146-230.plesk.page\/be\/wettelijke-vermeldingen\/","title":{"rendered":"Wettelijke vermeldingen"},"content":{"rendered":"\n<p>Deze website wordt uitgegeven door de BS GROUPE, een vereenvoudigde naamloze vennootschap met een aandelenkapitaal van \u20ac 500.000, ingeschreven in het handels- en vennootschapsregister van PARIJS onder nummer Paris B 879 986 214, en met hoofdkantoor te 45 avenue Victor Hugo, 75116 Parijs.<\/p>\n\n\n\n<p>Telefoonnummer: +33 1 43 59 10 10<\/p>\n\n\n\n<p>E-mailadres: contact@lazeo.com<\/p>\n\n\n\n<p>Btw-nummer: FR 58 879986214<\/p>\n\n\n\n<p>De directeur van de publicatie is Scarlett Sillam.<\/p>\n\n\n\n<p>Deze website wordt gehost door PlanetHoster Inc., gevestigd in 4416 Louis B. Mayer, Laval (Quebec) H7P 0G1, Canada. Telefoon: 0 805 080 426 (gratis nummer vanuit Frankrijk).<\/p>\n","protected":false},"excerpt":{"rendered":"<p>Deze website wordt uitgegeven door de BS GROUPE, een vereenvoudigde naamloze vennootschap met een aandelenkapitaal van \u20ac 500.000, ingeschreven in het handels- en vennootschapsregister van PARIJS onder nummer Paris B 879 986 214, en met hoofdkantoor te 45 avenue Victor Hugo, 75116 Parijs. Telefoonnummer: +33 1 43 59 10 10 E-mailadres: contact@lazeo.com Btw-nummer: FR 58 [&hellip;]<\/p>\n","protected":false},"author":6,"featured_media":0,"parent":0,"menu_order":121,"comment_status":"closed","ping_status":"open","template":"tpl.page-default.php","meta":{"_acf_changed":false,"footnotes":""},"class_list":["post-25811","page","type-page","status-publish","hentry"],"acf":[],"yoast_head":"<!-- This site is optimized with the Yoast SEO Premium plugin v25.7 (Yoast SEO v27.4) - https:\/\/yoast.com\/product\/yoast-seo-premium-wordpress\/ -->\n<title>Wettelijke vermeldingen - LAZEO - M\u00e9decine esth\u00e9tique - \u00c9pilation laser<\/title>\n<meta name=\"description\" content=\"Wettelijke vermeldingen van de website: contactgegevens, hosting, gebruiksvoorwaarden, geschillen, toegangsrechten, intellectuele eigendomsrechten, aansprakelijkheid...\" \/>\n<meta name=\"robots\" content=\"index, follow, max-snippet:-1, max-image-preview:large, max-video-preview:-1\" \/>\n<link rel=\"canonical\" href=\"https:\/\/sharp-galois.217-154-146-230.plesk.page\/be\/wettelijke-vermeldingen\/\" \/>\n<meta property=\"og:locale\" content=\"nl_BE\" \/>\n<meta property=\"og:type\" content=\"article\" \/>\n<meta property=\"og:title\" content=\"Wettelijke vermeldingen\" \/>\n<meta property=\"og:description\" content=\"Wettelijke vermeldingen - LAZEO - M\u00e9decine esth\u00e9tique - \u00c9pilation laser\" \/>\n<meta property=\"og:url\" content=\"https:\/\/sharp-galois.217-154-146-230.plesk.page\/be\/wettelijke-vermeldingen\/\" \/>\n<meta property=\"og:site_name\" content=\"LAZEO\" \/>\n<meta property=\"article:publisher\" content=\"https:\/\/www.facebook.com\/lazeo.medecine.esthetique\/?locale=fr_FR\" \/>\n<meta property=\"article:modified_time\" content=\"2022-02-03T14:38:28+00:00\" \/>\n<meta name=\"twitter:card\" content=\"summary_large_image\" \/>\n<meta name=\"twitter:label1\" content=\"Geschatte leestijd\" \/>\n\t<meta name=\"twitter:data1\" content=\"1 minuut\" \/>\n<script type=\"application\/ld+json\" class=\"yoast-schema-graph\">{\"@context\":\"https:\\\/\\\/schema.org\",\"@graph\":[{\"@type\":\"WebPage\",\"@id\":\"https:\\\/\\\/sharp-galois.217-154-146-230.plesk.page\\\/be\\\/wettelijke-vermeldingen\\\/\",\"url\":\"https:\\\/\\\/sharp-galois.217-154-146-230.plesk.page\\\/be\\\/wettelijke-vermeldingen\\\/\",\"name\":\"Wettelijke vermeldingen - LAZEO - M\u00e9decine esth\u00e9tique - \u00c9pilation laser\",\"isPartOf\":{\"@id\":\"https:\\\/\\\/www.lazeo.com\\\/#website\"},\"datePublished\":\"2013-08-20T08:53:24+00:00\",\"dateModified\":\"2022-02-03T14:38:28+00:00\",\"description\":\"Wettelijke vermeldingen van de website: contactgegevens, hosting, gebruiksvoorwaarden, geschillen, toegangsrechten, intellectuele eigendomsrechten, aansprakelijkheid...\",\"breadcrumb\":{\"@id\":\"https:\\\/\\\/sharp-galois.217-154-146-230.plesk.page\\\/be\\\/wettelijke-vermeldingen\\\/#breadcrumb\"},\"inLanguage\":\"nl-BE\",\"potentialAction\":[{\"@type\":\"ReadAction\",\"target\":[\"https:\\\/\\\/sharp-galois.217-154-146-230.plesk.page\\\/be\\\/wettelijke-vermeldingen\\\/\"]}]},{\"@type\":\"BreadcrumbList\",\"@id\":\"https:\\\/\\\/sharp-galois.217-154-146-230.plesk.page\\\/be\\\/wettelijke-vermeldingen\\\/#breadcrumb\",\"itemListElement\":[{\"@type\":\"ListItem\",\"position\":1,\"name\":\"Startpagina\",\"item\":\"https:\\\/\\\/sharp-galois.217-154-146-230.plesk.page\\\/be\\\/home\\\/\"},{\"@type\":\"ListItem\",\"position\":2,\"name\":\"Wettelijke vermeldingen\"}]},{\"@type\":\"WebSite\",\"@id\":\"https:\\\/\\\/www.lazeo.com\\\/#website\",\"url\":\"https:\\\/\\\/www.lazeo.com\\\/\",\"name\":\"LAZEO\",\"description\":\"M\u00e9decine esth\u00e9tique - \u00c9pilation laser\",\"publisher\":{\"@id\":\"https:\\\/\\\/www.lazeo.com\\\/#organization\"},\"potentialAction\":[{\"@type\":\"SearchAction\",\"target\":{\"@type\":\"EntryPoint\",\"urlTemplate\":\"https:\\\/\\\/www.lazeo.com\\\/?s={search_term_string}\"},\"query-input\":{\"@type\":\"PropertyValueSpecification\",\"valueRequired\":true,\"valueName\":\"search_term_string\"}}],\"inLanguage\":\"nl-BE\"},{\"@type\":\"Organization\",\"@id\":\"https:\\\/\\\/www.lazeo.com\\\/#organization\",\"name\":\"Lazeo\",\"url\":\"https:\\\/\\\/www.lazeo.com\\\/\",\"logo\":{\"@type\":\"ImageObject\",\"inLanguage\":\"nl-BE\",\"@id\":\"https:\\\/\\\/www.lazeo.com\\\/#\\\/schema\\\/logo\\\/image\\\/\",\"url\":\"https:\\\/\\\/sharp-galois.217-154-146-230.plesk.page\\\/wp-content\\\/uploads\\\/favicon.svg\",\"contentUrl\":\"https:\\\/\\\/sharp-galois.217-154-146-230.plesk.page\\\/wp-content\\\/uploads\\\/favicon.svg\",\"width\":1,\"height\":1,\"caption\":\"Lazeo\"},\"image\":{\"@id\":\"https:\\\/\\\/www.lazeo.com\\\/#\\\/schema\\\/logo\\\/image\\\/\"},\"sameAs\":[\"https:\\\/\\\/www.facebook.com\\\/lazeo.medecine.esthetique\\\/?locale=fr_FR\",\"https:\\\/\\\/www.instagram.com\\\/lazeofrance\\\/\",\"https:\\\/\\\/fr.pinterest.com\\\/LAZEOParis\\\/\",\"https:\\\/\\\/www.youtube.com\\\/channel\\\/UCYsthzOvY6nXPJLAQ4BliBQ\"]}]}<\/script>\n<!-- \/ Yoast SEO Premium plugin. -->","yoast_head_json":{"title":"Wettelijke vermeldingen - LAZEO - M\u00e9decine esth\u00e9tique - \u00c9pilation laser","description":"Wettelijke vermeldingen van de website: contactgegevens, hosting, gebruiksvoorwaarden, geschillen, toegangsrechten, intellectuele eigendomsrechten, aansprakelijkheid...","robots":{"index":"index","follow":"follow","max-snippet":"max-snippet:-1","max-image-preview":"max-image-preview:large","max-video-preview":"max-video-preview:-1"},"canonical":"https:\/\/sharp-galois.217-154-146-230.plesk.page\/be\/wettelijke-vermeldingen\/","og_locale":"nl_BE","og_type":"article","og_title":"Wettelijke vermeldingen","og_description":"Wettelijke vermeldingen - LAZEO - M\u00e9decine esth\u00e9tique - \u00c9pilation laser","og_url":"https:\/\/sharp-galois.217-154-146-230.plesk.page\/be\/wettelijke-vermeldingen\/","og_site_name":"LAZEO","article_publisher":"https:\/\/www.facebook.com\/lazeo.medecine.esthetique\/?locale=fr_FR","article_modified_time":"2022-02-03T14:38:28+00:00","twitter_card":"summary_large_image","twitter_misc":{"Geschatte leestijd":"1 minuut"},"schema":{"@context":"https:\/\/schema.org","@graph":[{"@type":"WebPage","@id":"https:\/\/sharp-galois.217-154-146-230.plesk.page\/be\/wettelijke-vermeldingen\/","url":"https:\/\/sharp-galois.217-154-146-230.plesk.page\/be\/wettelijke-vermeldingen\/","name":"Wettelijke vermeldingen - LAZEO - M\u00e9decine esth\u00e9tique - \u00c9pilation laser","isPartOf":{"@id":"https:\/\/www.lazeo.com\/#website"},"datePublished":"2013-08-20T08:53:24+00:00","dateModified":"2022-02-03T14:38:28+00:00","description":"Wettelijke vermeldingen van de website: contactgegevens, hosting, gebruiksvoorwaarden, geschillen, toegangsrechten, intellectuele eigendomsrechten, aansprakelijkheid...","breadcrumb":{"@id":"https:\/\/sharp-galois.217-154-146-230.plesk.page\/be\/wettelijke-vermeldingen\/#breadcrumb"},"inLanguage":"nl-BE","potentialAction":[{"@type":"ReadAction","target":["https:\/\/sharp-galois.217-154-146-230.plesk.page\/be\/wettelijke-vermeldingen\/"]}]},{"@type":"BreadcrumbList","@id":"https:\/\/sharp-galois.217-154-146-230.plesk.page\/be\/wettelijke-vermeldingen\/#breadcrumb","itemListElement":[{"@type":"ListItem","position":1,"name":"Startpagina","item":"https:\/\/sharp-galois.217-154-146-230.plesk.page\/be\/home\/"},{"@type":"ListItem","position":2,"name":"Wettelijke vermeldingen"}]},{"@type":"WebSite","@id":"https:\/\/www.lazeo.com\/#website","url":"https:\/\/www.lazeo.com\/","name":"LAZEO","description":"M\u00e9decine esth\u00e9tique - \u00c9pilation laser","publisher":{"@id":"https:\/\/www.lazeo.com\/#organization"},"potentialAction":[{"@type":"SearchAction","target":{"@type":"EntryPoint","urlTemplate":"https:\/\/www.lazeo.com\/?s={search_term_string}"},"query-input":{"@type":"PropertyValueSpecification","valueRequired":true,"valueName":"search_term_string"}}],"inLanguage":"nl-BE"},{"@type":"Organization","@id":"https:\/\/www.lazeo.com\/#organization","name":"Lazeo","url":"https:\/\/www.lazeo.com\/","logo":{"@type":"ImageObject","inLanguage":"nl-BE","@id":"https:\/\/www.lazeo.com\/#\/schema\/logo\/image\/","url":"https:\/\/sharp-galois.217-154-146-230.plesk.page\/wp-content\/uploads\/favicon.svg","contentUrl":"https:\/\/sharp-galois.217-154-146-230.plesk.page\/wp-content\/uploads\/favicon.svg","width":1,"height":1,"caption":"Lazeo"},"image":{"@id":"https:\/\/www.lazeo.com\/#\/schema\/logo\/image\/"},"sameAs":["https:\/\/www.facebook.com\/lazeo.medecine.esthetique\/?locale=fr_FR","https:\/\/www.instagram.com\/lazeofrance\/","https:\/\/fr.pinterest.com\/LAZEOParis\/","https:\/\/www.youtube.com\/channel\/UCYsthzOvY6nXPJLAQ4BliBQ"]}]}},"_links":{"self":[{"href":"https:\/\/sharp-galois.217-154-146-230.plesk.page\/be\/wp-json\/wp\/v2\/pages\/25811","targetHints":{"allow":["GET"]}}],"collection":[{"href":"https:\/\/sharp-galois.217-154-146-230.plesk.page\/be\/wp-json\/wp\/v2\/pages"}],"about":[{"href":"https:\/\/sharp-galois.217-154-146-230.plesk.page\/be\/wp-json\/wp\/v2\/types\/page"}],"author":[{"embeddable":true,"href":"https:\/\/sharp-galois.217-154-146-230.plesk.page\/be\/wp-json\/wp\/v2\/users\/6"}],"replies":[{"embeddable":true,"href":"https:\/\/sharp-galois.217-154-146-230.plesk.page\/be\/wp-json\/wp\/v2\/comments?post=25811"}],"version-history":[{"count":0,"href":"https:\/\/sharp-galois.217-154-146-230.plesk.page\/be\/wp-json\/wp\/v2\/pages\/25811\/revisions"}],"wp:attachment":[{"href":"https:\/\/sharp-galois.217-154-146-230.plesk.page\/be\/wp-json\/wp\/v2\/media?parent=25811"}],"curies":[{"name":"wp","href":"https:\/\/api.w.org\/{rel}","templated":true}]}}