{"id":33114,"date":"2020-03-14T22:46:10","date_gmt":"2020-03-14T21:46:10","guid":{"rendered":"https:\/\/sharp-galois.217-154-146-230.plesk.page\/notre-expertise\/"},"modified":"2021-11-18T19:20:31","modified_gmt":"2021-11-18T18:20:31","slug":"notre-expertise","status":"publish","type":"page","link":"https:\/\/sharp-galois.217-154-146-230.plesk.page\/be-fr\/notre-expertise\/","title":{"rendered":"Notre expertise"},"content":{"rendered":"<p><span data-sheets-userformat=\"{&quot;2&quot;:128,&quot;10&quot;:1}\">Le progr\u00e8s de la m\u00e9decine esth\u00e9tique donne aujourd&rsquo;hui l&rsquo;opportunit\u00e9 \u00e0 tous de rajeunir, mincir, ou encore corriger une imperfection de fa\u00e7on naturelle, s\u00e9curis\u00e9e et avec des r\u00e9sultats concrets sans l&rsquo;intervention lourde de la chirurgie. <br><\/span><span data-sheets-userformat=\"{&quot;2&quot;:128,&quot;10&quot;:1}\">R\u00e9put\u00e9 pour son <span style=\"color: #c77e77;\">savoir-faire<\/span> et son <span style=\"color: #c77e77;\">expertise m\u00e9dicale<\/span>, LAZEO propose les derniers traitements <span style=\"color: #c77e77;\">innovants<\/span>, pour satisfaire les <span style=\"color: #c77e77;\">exigences<\/span> et les <span style=\"color: #c77e77;\">besoins<\/span> de tous.<\/span><\/p>\n\n\n<p><\/p>\n","protected":false},"excerpt":{"rendered":"<p>Le progr\u00e8s de la m\u00e9decine esth\u00e9tique donne aujourd&rsquo;hui l&rsquo;opportunit\u00e9 \u00e0 tous de rajeunir, mincir, ou encore corriger une imperfection de fa\u00e7on naturelle, s\u00e9curis\u00e9e et avec des r\u00e9sultats concrets sans l&rsquo;intervention lourde de la chirurgie. R\u00e9put\u00e9 pour son savoir-faire et son expertise m\u00e9dicale, LAZEO propose les derniers traitements innovants, pour satisfaire les exigences et les besoins [&hellip;]<\/p>\n","protected":false},"author":6,"featured_media":81920,"parent":0,"menu_order":76,"comment_status":"closed","ping_status":"closed","template":"tpl.expertise.php","meta":{"_acf_changed":false,"footnotes":""},"class_list":["post-33114","page","type-page","status-publish","has-post-thumbnail","hentry"],"acf":[],"yoast_head":"<!-- This site is optimized with the Yoast SEO Premium plugin v25.7 (Yoast SEO v27.4) - https:\/\/yoast.com\/product\/yoast-seo-premium-wordpress\/ -->\n<title>Notre expertise - LAZEO - M\u00e9decine esth\u00e9tique - \u00c9pilation laser<\/title>\n<meta name=\"description\" content=\"Notre expertise - LAZEO - M\u00e9decine esth\u00e9tique - \u00c9pilation laser\" \/>\n<meta name=\"robots\" content=\"index, follow, max-snippet:-1, max-image-preview:large, max-video-preview:-1\" \/>\n<link rel=\"canonical\" href=\"https:\/\/sharp-galois.217-154-146-230.plesk.page\/be-fr\/notre-expertise\/\" \/>\n<meta property=\"og:locale\" content=\"fr_FR\" \/>\n<meta property=\"og:type\" content=\"article\" \/>\n<meta property=\"og:title\" content=\"Notre expertise\" \/>\n<meta property=\"og:description\" content=\"Notre expertise - LAZEO - M\u00e9decine esth\u00e9tique - \u00c9pilation laser\" \/>\n<meta property=\"og:url\" content=\"https:\/\/sharp-galois.217-154-146-230.plesk.page\/be-fr\/notre-expertise\/\" \/>\n<meta property=\"og:site_name\" content=\"LAZEO\" \/>\n<meta property=\"article:publisher\" content=\"https:\/\/www.facebook.com\/lazeo.medecine.esthetique\/?locale=fr_FR\" \/>\n<meta property=\"article:modified_time\" content=\"2021-11-18T18:20:31+00:00\" \/>\n<meta property=\"og:image\" content=\"https:\/\/www.lazeo.com\/wp-content\/uploads\/couverture_expertise-scaled-1.webp\" \/>\n\t<meta property=\"og:image:width\" content=\"2048\" \/>\n\t<meta property=\"og:image:height\" content=\"442\" \/>\n\t<meta property=\"og:image:type\" content=\"image\/webp\" \/>\n<meta name=\"twitter:card\" content=\"summary_large_image\" \/>\n<meta name=\"twitter:label1\" content=\"Dur\u00e9e de lecture est.\" \/>\n\t<meta name=\"twitter:data1\" content=\"1 minute\" \/>\n<script type=\"application\/ld+json\" class=\"yoast-schema-graph\">{\"@context\":\"https:\\\/\\\/schema.org\",\"@graph\":[{\"@type\":\"WebPage\",\"@id\":\"https:\\\/\\\/sharp-galois.217-154-146-230.plesk.page\\\/be-fr\\\/notre-expertise\\\/\",\"url\":\"https:\\\/\\\/sharp-galois.217-154-146-230.plesk.page\\\/be-fr\\\/notre-expertise\\\/\",\"name\":\"Notre expertise - LAZEO - M\u00e9decine esth\u00e9tique - \u00c9pilation laser\",\"isPartOf\":{\"@id\":\"https:\\\/\\\/www.lazeo.com\\\/#website\"},\"primaryImageOfPage\":{\"@id\":\"https:\\\/\\\/sharp-galois.217-154-146-230.plesk.page\\\/be-fr\\\/notre-expertise\\\/#primaryimage\"},\"image\":{\"@id\":\"https:\\\/\\\/sharp-galois.217-154-146-230.plesk.page\\\/be-fr\\\/notre-expertise\\\/#primaryimage\"},\"thumbnailUrl\":\"https:\\\/\\\/sharp-galois.217-154-146-230.plesk.page\\\/wp-content\\\/uploads\\\/couverture_expertise-scaled-1.webp\",\"datePublished\":\"2020-03-14T21:46:10+00:00\",\"dateModified\":\"2021-11-18T18:20:31+00:00\",\"description\":\"Notre expertise - LAZEO - M\u00e9decine esth\u00e9tique - \u00c9pilation laser\",\"breadcrumb\":{\"@id\":\"https:\\\/\\\/sharp-galois.217-154-146-230.plesk.page\\\/be-fr\\\/notre-expertise\\\/#breadcrumb\"},\"inLanguage\":\"fr-BE\",\"potentialAction\":[{\"@type\":\"ReadAction\",\"target\":[\"https:\\\/\\\/sharp-galois.217-154-146-230.plesk.page\\\/be-fr\\\/notre-expertise\\\/\"]}]},{\"@type\":\"ImageObject\",\"inLanguage\":\"fr-BE\",\"@id\":\"https:\\\/\\\/sharp-galois.217-154-146-230.plesk.page\\\/be-fr\\\/notre-expertise\\\/#primaryimage\",\"url\":\"https:\\\/\\\/sharp-galois.217-154-146-230.plesk.page\\\/wp-content\\\/uploads\\\/couverture_expertise-scaled-1.webp\",\"contentUrl\":\"https:\\\/\\\/sharp-galois.217-154-146-230.plesk.page\\\/wp-content\\\/uploads\\\/couverture_expertise-scaled-1.webp\",\"width\":2048,\"height\":442,\"caption\":\"couverture_expertise-scaled\"},{\"@type\":\"BreadcrumbList\",\"@id\":\"https:\\\/\\\/sharp-galois.217-154-146-230.plesk.page\\\/be-fr\\\/notre-expertise\\\/#breadcrumb\",\"itemListElement\":[{\"@type\":\"ListItem\",\"position\":1,\"name\":\"Accueil\",\"item\":\"https:\\\/\\\/sharp-galois.217-154-146-230.plesk.page\\\/be-fr\\\/accueil\\\/\"},{\"@type\":\"ListItem\",\"position\":2,\"name\":\"Notre expertise\"}]},{\"@type\":\"WebSite\",\"@id\":\"https:\\\/\\\/www.lazeo.com\\\/#website\",\"url\":\"https:\\\/\\\/www.lazeo.com\\\/\",\"name\":\"LAZEO\",\"description\":\"M\u00e9decine esth\u00e9tique - \u00c9pilation laser\",\"publisher\":{\"@id\":\"https:\\\/\\\/www.lazeo.com\\\/#organization\"},\"potentialAction\":[{\"@type\":\"SearchAction\",\"target\":{\"@type\":\"EntryPoint\",\"urlTemplate\":\"https:\\\/\\\/www.lazeo.com\\\/?s={search_term_string}\"},\"query-input\":{\"@type\":\"PropertyValueSpecification\",\"valueRequired\":true,\"valueName\":\"search_term_string\"}}],\"inLanguage\":\"fr-BE\"},{\"@type\":\"Organization\",\"@id\":\"https:\\\/\\\/www.lazeo.com\\\/#organization\",\"name\":\"Lazeo\",\"url\":\"https:\\\/\\\/www.lazeo.com\\\/\",\"logo\":{\"@type\":\"ImageObject\",\"inLanguage\":\"fr-BE\",\"@id\":\"https:\\\/\\\/www.lazeo.com\\\/#\\\/schema\\\/logo\\\/image\\\/\",\"url\":\"https:\\\/\\\/sharp-galois.217-154-146-230.plesk.page\\\/wp-content\\\/uploads\\\/favicon.svg\",\"contentUrl\":\"https:\\\/\\\/sharp-galois.217-154-146-230.plesk.page\\\/wp-content\\\/uploads\\\/favicon.svg\",\"width\":1,\"height\":1,\"caption\":\"Lazeo\"},\"image\":{\"@id\":\"https:\\\/\\\/www.lazeo.com\\\/#\\\/schema\\\/logo\\\/image\\\/\"},\"sameAs\":[\"https:\\\/\\\/www.facebook.com\\\/lazeo.medecine.esthetique\\\/?locale=fr_FR\",\"https:\\\/\\\/www.instagram.com\\\/lazeofrance\\\/\",\"https:\\\/\\\/fr.pinterest.com\\\/LAZEOParis\\\/\",\"https:\\\/\\\/www.youtube.com\\\/channel\\\/UCYsthzOvY6nXPJLAQ4BliBQ\"]}]}<\/script>\n<!-- \/ Yoast SEO Premium plugin. -->","yoast_head_json":{"title":"Notre expertise - LAZEO - M\u00e9decine esth\u00e9tique - \u00c9pilation laser","description":"Notre expertise - LAZEO - M\u00e9decine esth\u00e9tique - \u00c9pilation laser","robots":{"index":"index","follow":"follow","max-snippet":"max-snippet:-1","max-image-preview":"max-image-preview:large","max-video-preview":"max-video-preview:-1"},"canonical":"https:\/\/sharp-galois.217-154-146-230.plesk.page\/be-fr\/notre-expertise\/","og_locale":"fr_FR","og_type":"article","og_title":"Notre expertise","og_description":"Notre expertise - LAZEO - M\u00e9decine esth\u00e9tique - \u00c9pilation laser","og_url":"https:\/\/sharp-galois.217-154-146-230.plesk.page\/be-fr\/notre-expertise\/","og_site_name":"LAZEO","article_publisher":"https:\/\/www.facebook.com\/lazeo.medecine.esthetique\/?locale=fr_FR","article_modified_time":"2021-11-18T18:20:31+00:00","og_image":[{"width":2048,"height":442,"url":"https:\/\/www.lazeo.com\/wp-content\/uploads\/couverture_expertise-scaled-1.webp","type":"image\/webp"}],"twitter_card":"summary_large_image","twitter_misc":{"Dur\u00e9e de lecture est.":"1 minute"},"schema":{"@context":"https:\/\/schema.org","@graph":[{"@type":"WebPage","@id":"https:\/\/sharp-galois.217-154-146-230.plesk.page\/be-fr\/notre-expertise\/","url":"https:\/\/sharp-galois.217-154-146-230.plesk.page\/be-fr\/notre-expertise\/","name":"Notre expertise - LAZEO - M\u00e9decine esth\u00e9tique - \u00c9pilation laser","isPartOf":{"@id":"https:\/\/www.lazeo.com\/#website"},"primaryImageOfPage":{"@id":"https:\/\/sharp-galois.217-154-146-230.plesk.page\/be-fr\/notre-expertise\/#primaryimage"},"image":{"@id":"https:\/\/sharp-galois.217-154-146-230.plesk.page\/be-fr\/notre-expertise\/#primaryimage"},"thumbnailUrl":"https:\/\/sharp-galois.217-154-146-230.plesk.page\/wp-content\/uploads\/couverture_expertise-scaled-1.webp","datePublished":"2020-03-14T21:46:10+00:00","dateModified":"2021-11-18T18:20:31+00:00","description":"Notre expertise - LAZEO - M\u00e9decine esth\u00e9tique - \u00c9pilation laser","breadcrumb":{"@id":"https:\/\/sharp-galois.217-154-146-230.plesk.page\/be-fr\/notre-expertise\/#breadcrumb"},"inLanguage":"fr-BE","potentialAction":[{"@type":"ReadAction","target":["https:\/\/sharp-galois.217-154-146-230.plesk.page\/be-fr\/notre-expertise\/"]}]},{"@type":"ImageObject","inLanguage":"fr-BE","@id":"https:\/\/sharp-galois.217-154-146-230.plesk.page\/be-fr\/notre-expertise\/#primaryimage","url":"https:\/\/sharp-galois.217-154-146-230.plesk.page\/wp-content\/uploads\/couverture_expertise-scaled-1.webp","contentUrl":"https:\/\/sharp-galois.217-154-146-230.plesk.page\/wp-content\/uploads\/couverture_expertise-scaled-1.webp","width":2048,"height":442,"caption":"couverture_expertise-scaled"},{"@type":"BreadcrumbList","@id":"https:\/\/sharp-galois.217-154-146-230.plesk.page\/be-fr\/notre-expertise\/#breadcrumb","itemListElement":[{"@type":"ListItem","position":1,"name":"Accueil","item":"https:\/\/sharp-galois.217-154-146-230.plesk.page\/be-fr\/accueil\/"},{"@type":"ListItem","position":2,"name":"Notre expertise"}]},{"@type":"WebSite","@id":"https:\/\/www.lazeo.com\/#website","url":"https:\/\/www.lazeo.com\/","name":"LAZEO","description":"M\u00e9decine esth\u00e9tique - \u00c9pilation laser","publisher":{"@id":"https:\/\/www.lazeo.com\/#organization"},"potentialAction":[{"@type":"SearchAction","target":{"@type":"EntryPoint","urlTemplate":"https:\/\/www.lazeo.com\/?s={search_term_string}"},"query-input":{"@type":"PropertyValueSpecification","valueRequired":true,"valueName":"search_term_string"}}],"inLanguage":"fr-BE"},{"@type":"Organization","@id":"https:\/\/www.lazeo.com\/#organization","name":"Lazeo","url":"https:\/\/www.lazeo.com\/","logo":{"@type":"ImageObject","inLanguage":"fr-BE","@id":"https:\/\/www.lazeo.com\/#\/schema\/logo\/image\/","url":"https:\/\/sharp-galois.217-154-146-230.plesk.page\/wp-content\/uploads\/favicon.svg","contentUrl":"https:\/\/sharp-galois.217-154-146-230.plesk.page\/wp-content\/uploads\/favicon.svg","width":1,"height":1,"caption":"Lazeo"},"image":{"@id":"https:\/\/www.lazeo.com\/#\/schema\/logo\/image\/"},"sameAs":["https:\/\/www.facebook.com\/lazeo.medecine.esthetique\/?locale=fr_FR","https:\/\/www.instagram.com\/lazeofrance\/","https:\/\/fr.pinterest.com\/LAZEOParis\/","https:\/\/www.youtube.com\/channel\/UCYsthzOvY6nXPJLAQ4BliBQ"]}]}},"_links":{"self":[{"href":"https:\/\/sharp-galois.217-154-146-230.plesk.page\/be-fr\/wp-json\/wp\/v2\/pages\/33114","targetHints":{"allow":["GET"]}}],"collection":[{"href":"https:\/\/sharp-galois.217-154-146-230.plesk.page\/be-fr\/wp-json\/wp\/v2\/pages"}],"about":[{"href":"https:\/\/sharp-galois.217-154-146-230.plesk.page\/be-fr\/wp-json\/wp\/v2\/types\/page"}],"author":[{"embeddable":true,"href":"https:\/\/sharp-galois.217-154-146-230.plesk.page\/be-fr\/wp-json\/wp\/v2\/users\/6"}],"replies":[{"embeddable":true,"href":"https:\/\/sharp-galois.217-154-146-230.plesk.page\/be-fr\/wp-json\/wp\/v2\/comments?post=33114"}],"version-history":[{"count":0,"href":"https:\/\/sharp-galois.217-154-146-230.plesk.page\/be-fr\/wp-json\/wp\/v2\/pages\/33114\/revisions"}],"wp:featuredmedia":[{"embeddable":true,"href":"https:\/\/sharp-galois.217-154-146-230.plesk.page\/be-fr\/wp-json\/wp\/v2\/media\/81920"}],"wp:attachment":[{"href":"https:\/\/sharp-galois.217-154-146-230.plesk.page\/be-fr\/wp-json\/wp\/v2\/media?parent=33114"}],"curies":[{"name":"wp","href":"https:\/\/api.w.org\/{rel}","templated":true}]}}