{"id":33110,"date":"2020-09-03T21:21:59","date_gmt":"2020-09-03T19:21:59","guid":{"rendered":"https:\/\/sharp-galois.217-154-146-230.plesk.page\/liste-de-tarifs\/"},"modified":"2025-07-10T16:22:48","modified_gmt":"2025-07-10T14:22:48","slug":"liste-de-tarifs","status":"publish","type":"page","link":"https:\/\/sharp-galois.217-154-146-230.plesk.page\/be-fr\/liste-de-tarifs\/","title":{"rendered":"Liste de tarifs"},"content":{"rendered":"\n<h4 class=\"wp-block-heading uk-margin-large-top\" id=\"h-traitements-visage\">Traitements visage<\/h4>\n\n\n<figure class=\"wp-block-table pricing_table is-style-stripes\"><table class=\"has-fixed-layout uk-table uk-table-divider\"><thead><tr><th class=\"has-text-align-left\" data-align=\"left\">Traitements<\/th><th class=\"has-text-align-left\" data-align=\"left\">Tarifs<\/th><\/tr><\/thead><tbody><tr><td class=\"has-text-align-left\" data-align=\"left\"><a href=\"https:\/\/sharp-galois.217-154-146-230.plesk.page\/be-fr\/traitements\/les-injections-dacide-hyaluronique\/\">Injections d&rsquo;acide hyaluronique<\/a><\/td><td class=\"has-text-align-left\" data-align=\"left\">&agrave; partir de 250&euro; la seringue<\/td><\/tr><tr><td class=\"has-text-align-left\" data-align=\"left\"><a href=\"https:\/\/sharp-galois.217-154-146-230.plesk.page\/be-fr\/traitements\/les-injections-de-botox-toxine-botulique\/\">Injections de Botox&reg;<\/a><\/td><td class=\"has-text-align-left\" data-align=\"left\">&agrave; partir de 250&euro; la seringue&nbsp;<\/td><\/tr><tr><td class=\"has-text-align-left\" data-align=\"left\"><a href=\"https:\/\/sharp-galois.217-154-146-230.plesk.page\/be-fr\/traitements\/skinboosters\/\">Skinboosters&reg;<\/a><\/td><td class=\"has-text-align-left\" data-align=\"left\">320&euro; la seringue<\/td><\/tr><tr><td class=\"has-text-align-left\" data-align=\"left\"><a href=\"https:\/\/sharp-galois.217-154-146-230.plesk.page\/be-fr\/traitements\/la-mesotherapie\/\">M&eacute;soth&eacute;rapie<\/a><\/td><td class=\"has-text-align-left\" data-align=\"left\">150&euro; la s&eacute;ance<\/td><\/tr><tr><td class=\"has-text-align-left\" data-align=\"left\"><a href=\"https:\/\/sharp-galois.217-154-146-230.plesk.page\/be-fr\/traitements\/les-peelings\/\">Peeling<\/a><\/td><td class=\"has-text-align-left\" data-align=\"left\">&agrave; partir de 150&euro; la s&eacute;ance<\/td><\/tr><tr><td class=\"has-text-align-left\" data-align=\"left\"><a href=\"https:\/\/sharp-galois.217-154-146-230.plesk.page\/be-fr\/traitements\/les-fils-tenseurs-regenerant-silhouette-soft\/\">Fils tenseurs<\/a><\/td><td class=\"has-text-align-left\" data-align=\"left\">&agrave; partir de 900&euro; les 4 fils<\/td><\/tr><tr><td class=\"has-text-align-left\" data-align=\"left\"><a href=\"https:\/\/sharp-galois.217-154-146-230.plesk.page\/be-fr\/traitements\/hydrafacial\/\">Hydrafacial&reg;<\/a><\/td><td class=\"has-text-align-left\" data-align=\"left\">&agrave; partir de 140&euro; la s&eacute;ance<\/td><\/tr><tr><td class=\"has-text-align-left\" data-align=\"left\"><a href=\"https:\/\/sharp-galois.217-154-146-230.plesk.page\/be-fr\/traitements\/oxyface\/\">Oxyface&reg;<\/a><\/td><td class=\"has-text-align-left\" data-align=\"left\">&agrave; partir de 80&euro; la s&eacute;ance<\/td><\/tr><\/tbody><\/table><\/figure>\n\n\n\n<h4 class=\"wp-block-heading uk-margin-large-top\" id=\"h-traitements-laser\">Traitements laser<\/h4>\n\n\n<figure class=\"wp-block-table pricing_table is-style-stripes\"><table class=\"has-fixed-layout uk-table uk-table-divider\"><thead><tr><th class=\"has-text-align-left\" data-align=\"left\"><strong>Traitements<\/strong><\/th><th class=\"has-text-align-left\" data-align=\"left\"><strong>Tarifs<\/strong><\/th><\/tr><\/thead><tbody><tr><td class=\"has-text-align-left\" data-align=\"left\"><a href=\"https:\/\/sharp-galois.217-154-146-230.plesk.page\/be-fr\/traitements\/le-laser-fraxel\/\">Laser Fraxel&reg;   <\/a>   <\/td><td class=\"has-text-align-left\" data-align=\"left\">&agrave; partir de 300&euro; la s&eacute;ance <\/td><\/tr><tr><td class=\"has-text-align-left\" data-align=\"left\"><a href=\"https:\/\/sharp-galois.217-154-146-230.plesk.page\/be-fr\/traitements\/epilation-definitive-au-laser\/\">Epilation laser&nbsp;<\/a><\/td><td class=\"has-text-align-left\" data-align=\"left\"><a href=\"https:\/\/sharp-galois.217-154-146-230.plesk.page\/be-fr\/traitements\/epilation-definitive-au-laser\/#h-zones-trait-es-et-tarifs-pour-l-pilation-d-finitive-au-laser\"><strong>Tous nos tarifs d&rsquo;&eacute;pilation laser<\/strong><\/a><\/td><\/tr><tr><td class=\"has-text-align-left\" data-align=\"left\"><a href=\"https:\/\/sharp-galois.217-154-146-230.plesk.page\/be-fr\/traitements\/detatouage-au-laser-discovery-pico\/\">Laser D&eacute;tatouage Discovery pico&reg;<\/a><\/td><td class=\"has-text-align-left\" data-align=\"left\">&agrave; partir de 60&euro; la s&eacute;ance<\/td><\/tr><tr><td class=\"has-text-align-left\" data-align=\"left\"><a href=\"https:\/\/sharp-galois.217-154-146-230.plesk.page\/be-fr\/traitements\/le-lasemd\/\">Baby Face by Lazeo<\/a><\/td><td class=\"has-text-align-left\" data-align=\"left\">&agrave; partir de 200&euro; la s&eacute;ance<\/td><\/tr><\/tbody><\/table><\/figure>\n\n\n\n<h4 class=\"wp-block-heading uk-margin-large-top\" id=\"h-traitements-corps\">Traitements corps<\/h4>\n\n\n<figure class=\"wp-block-table pricing_table is-style-stripes\"><table class=\"has-fixed-layout uk-table uk-table-divider\"><thead><tr><th class=\"has-text-align-left\" data-align=\"left\"><strong>Traitements<\/strong><\/th><th class=\"has-text-align-left\" data-align=\"left\"><strong>Tarifs<\/strong><\/th><\/tr><\/thead><tbody><tr><td class=\"has-text-align-left\" data-align=\"left\"><a href=\"https:\/\/sharp-galois.217-154-146-230.plesk.page\/be-fr\/traitements\/la-cryolipolyse\/\">Cryolipolyse<\/a><\/td><td class=\"has-text-align-left\" data-align=\"left\">&agrave; partir de 360&euro;<\/td><\/tr><tr><td class=\"has-text-align-left\" data-align=\"left\"><a href=\"https:\/\/sharp-galois.217-154-146-230.plesk.page\/be-fr\/traitements\/coolsculpting-elite\/\">Coolsculpting&reg;<\/a><\/td><td class=\"has-text-align-left\" data-align=\"left\">&agrave; partir de 230&euro;<\/td><\/tr><tr><td class=\"has-text-align-left\" data-align=\"left\"><a href=\"https:\/\/sharp-galois.217-154-146-230.plesk.page\/be-fr\/traitements\/emsculpt\/\">Emsculpt&reg;<\/a><\/td><td class=\"has-text-align-left\" data-align=\"left\">&agrave; partir de 250&euro; la s&eacute;ance<\/td><\/tr><tr><td class=\"has-text-align-left\" data-align=\"left\"><a href=\"https:\/\/sharp-galois.217-154-146-230.plesk.page\/be-fr\/traitements\/lultra-former\/\">Ultraformer&reg;<\/a><\/td><td class=\"has-text-align-left\" data-align=\"left\">&agrave; partir de 600&euro; la s&eacute;ance<\/td><\/tr><\/tbody><\/table><\/figure>\n\n\n\n<h4 class=\"wp-block-heading uk-margin-large-top\" id=\"h-autres-traitements\">Autres traitements<\/h4>\n\n\n<figure class=\"wp-block-table pricing_table is-style-stripes\"><table class=\"has-fixed-layout uk-table uk-table-divider\"><thead><tr><th class=\"has-text-align-left\" data-align=\"left\"><strong>Traitements<\/strong><\/th><th class=\"has-text-align-left\" data-align=\"left\"><strong>Tarifs<\/strong><\/th><\/tr><\/thead><tbody><tr><td class=\"has-text-align-left\" data-align=\"left\"><a href=\"https:\/\/sharp-galois.217-154-146-230.plesk.page\/be-fr\/traitements\/traitement-au-botox-contre-la-transpiration\/\">Botox contre la transpiration<\/a><\/td><td class=\"has-text-align-left\" data-align=\"left\">&agrave; partir de 500&euro;<\/td><\/tr><tr><td class=\"has-text-align-left\" data-align=\"left\"><a href=\"https:\/\/sharp-galois.217-154-146-230.plesk.page\/be-fr\/traitements\/rajeunissement-des-mains\/\">Rajeunissement des mains<\/a><\/td><td class=\"has-text-align-left\" data-align=\"left\">&agrave; partir de 500&euro;<\/td><\/tr><tr><td class=\"has-text-align-left\" data-align=\"left\"><a href=\"https:\/\/sharp-galois.217-154-146-230.plesk.page\/be-fr\/traitements\/microgreffe-f-u-e\/\">Microgreffe de cheveux F.U.E.<\/a><\/td><td class=\"has-text-align-left\" data-align=\"left\">&agrave; partir de 1200&euro;<\/td><\/tr><\/tbody><\/table><\/figure>\n","protected":false},"excerpt":{"rendered":"<p>Traitements visage Traitements Tarifs Injections d&rsquo;acide hyaluronique &agrave; partir de 250&euro; la seringue Injections de Botox&reg; &agrave; partir de 250&euro; la seringue&nbsp; Skinboosters&reg; 320&euro; la seringue M&eacute;soth&eacute;rapie 150&euro; la s&eacute;ance Peeling &agrave; partir de 150&euro; la s&eacute;ance Fils tenseurs &agrave; partir de 900&euro; les 4 fils Hydrafacial&reg; &agrave; partir de 140&euro; la s&eacute;ance Oxyface&reg; &agrave; [&hellip;]<\/p>\n","protected":false},"author":6,"featured_media":0,"parent":0,"menu_order":93,"comment_status":"closed","ping_status":"closed","template":"tpl.page-default.php","meta":{"_acf_changed":false,"footnotes":""},"class_list":["post-33110","page","type-page","status-publish","hentry"],"acf":[],"yoast_head":"<!-- This site is optimized with the Yoast SEO Premium plugin v25.7 (Yoast SEO v27.4) - https:\/\/yoast.com\/product\/yoast-seo-premium-wordpress\/ -->\n<title>Liste de tarifs - LAZEO - M\u00e9decine esth\u00e9tique - \u00c9pilation laser<\/title>\n<meta name=\"description\" content=\"Liste de tarifs - LAZEO - M\u00e9decine esth\u00e9tique - \u00c9pilation laser\" \/>\n<meta name=\"robots\" content=\"index, follow, max-snippet:-1, max-image-preview:large, max-video-preview:-1\" \/>\n<link rel=\"canonical\" href=\"https:\/\/sharp-galois.217-154-146-230.plesk.page\/be-fr\/liste-de-tarifs\/\" \/>\n<meta property=\"og:locale\" content=\"fr_FR\" \/>\n<meta property=\"og:type\" content=\"article\" \/>\n<meta property=\"og:title\" content=\"Liste de tarifs\" \/>\n<meta property=\"og:description\" content=\"Liste de tarifs - LAZEO - M\u00e9decine esth\u00e9tique - \u00c9pilation laser\" \/>\n<meta property=\"og:url\" content=\"https:\/\/sharp-galois.217-154-146-230.plesk.page\/be-fr\/liste-de-tarifs\/\" \/>\n<meta property=\"og:site_name\" content=\"LAZEO\" \/>\n<meta property=\"article:publisher\" content=\"https:\/\/www.facebook.com\/lazeo.medecine.esthetique\/?locale=fr_FR\" \/>\n<meta property=\"article:modified_time\" content=\"2025-07-10T14:22:48+00:00\" \/>\n<meta name=\"twitter:card\" content=\"summary_large_image\" \/>\n<meta name=\"twitter:label1\" content=\"Dur\u00e9e de lecture est.\" \/>\n\t<meta name=\"twitter:data1\" content=\"1 minute\" \/>\n<script type=\"application\/ld+json\" class=\"yoast-schema-graph\">{\"@context\":\"https:\\\/\\\/schema.org\",\"@graph\":[{\"@type\":\"WebPage\",\"@id\":\"https:\\\/\\\/sharp-galois.217-154-146-230.plesk.page\\\/be-fr\\\/liste-de-tarifs\\\/\",\"url\":\"https:\\\/\\\/sharp-galois.217-154-146-230.plesk.page\\\/be-fr\\\/liste-de-tarifs\\\/\",\"name\":\"Liste de tarifs - LAZEO - M\u00e9decine esth\u00e9tique - \u00c9pilation laser\",\"isPartOf\":{\"@id\":\"https:\\\/\\\/www.lazeo.com\\\/#website\"},\"datePublished\":\"2020-09-03T19:21:59+00:00\",\"dateModified\":\"2025-07-10T14:22:48+00:00\",\"description\":\"Liste de tarifs - LAZEO - M\u00e9decine esth\u00e9tique - \u00c9pilation laser\",\"breadcrumb\":{\"@id\":\"https:\\\/\\\/sharp-galois.217-154-146-230.plesk.page\\\/be-fr\\\/liste-de-tarifs\\\/#breadcrumb\"},\"inLanguage\":\"fr-BE\",\"potentialAction\":[{\"@type\":\"ReadAction\",\"target\":[\"https:\\\/\\\/sharp-galois.217-154-146-230.plesk.page\\\/be-fr\\\/liste-de-tarifs\\\/\"]}]},{\"@type\":\"BreadcrumbList\",\"@id\":\"https:\\\/\\\/sharp-galois.217-154-146-230.plesk.page\\\/be-fr\\\/liste-de-tarifs\\\/#breadcrumb\",\"itemListElement\":[{\"@type\":\"ListItem\",\"position\":1,\"name\":\"Accueil\",\"item\":\"https:\\\/\\\/sharp-galois.217-154-146-230.plesk.page\\\/be-fr\\\/accueil\\\/\"},{\"@type\":\"ListItem\",\"position\":2,\"name\":\"Liste de tarifs\"}]},{\"@type\":\"WebSite\",\"@id\":\"https:\\\/\\\/www.lazeo.com\\\/#website\",\"url\":\"https:\\\/\\\/www.lazeo.com\\\/\",\"name\":\"LAZEO\",\"description\":\"M\u00e9decine esth\u00e9tique - \u00c9pilation laser\",\"publisher\":{\"@id\":\"https:\\\/\\\/www.lazeo.com\\\/#organization\"},\"potentialAction\":[{\"@type\":\"SearchAction\",\"target\":{\"@type\":\"EntryPoint\",\"urlTemplate\":\"https:\\\/\\\/www.lazeo.com\\\/?s={search_term_string}\"},\"query-input\":{\"@type\":\"PropertyValueSpecification\",\"valueRequired\":true,\"valueName\":\"search_term_string\"}}],\"inLanguage\":\"fr-BE\"},{\"@type\":\"Organization\",\"@id\":\"https:\\\/\\\/www.lazeo.com\\\/#organization\",\"name\":\"Lazeo\",\"url\":\"https:\\\/\\\/www.lazeo.com\\\/\",\"logo\":{\"@type\":\"ImageObject\",\"inLanguage\":\"fr-BE\",\"@id\":\"https:\\\/\\\/www.lazeo.com\\\/#\\\/schema\\\/logo\\\/image\\\/\",\"url\":\"https:\\\/\\\/sharp-galois.217-154-146-230.plesk.page\\\/wp-content\\\/uploads\\\/favicon.svg\",\"contentUrl\":\"https:\\\/\\\/sharp-galois.217-154-146-230.plesk.page\\\/wp-content\\\/uploads\\\/favicon.svg\",\"width\":1,\"height\":1,\"caption\":\"Lazeo\"},\"image\":{\"@id\":\"https:\\\/\\\/www.lazeo.com\\\/#\\\/schema\\\/logo\\\/image\\\/\"},\"sameAs\":[\"https:\\\/\\\/www.facebook.com\\\/lazeo.medecine.esthetique\\\/?locale=fr_FR\",\"https:\\\/\\\/www.instagram.com\\\/lazeofrance\\\/\",\"https:\\\/\\\/fr.pinterest.com\\\/LAZEOParis\\\/\",\"https:\\\/\\\/www.youtube.com\\\/channel\\\/UCYsthzOvY6nXPJLAQ4BliBQ\"]}]}<\/script>\n<!-- \/ Yoast SEO Premium plugin. -->","yoast_head_json":{"title":"Liste de tarifs - LAZEO - M\u00e9decine esth\u00e9tique - \u00c9pilation laser","description":"Liste de tarifs - LAZEO - M\u00e9decine esth\u00e9tique - \u00c9pilation laser","robots":{"index":"index","follow":"follow","max-snippet":"max-snippet:-1","max-image-preview":"max-image-preview:large","max-video-preview":"max-video-preview:-1"},"canonical":"https:\/\/sharp-galois.217-154-146-230.plesk.page\/be-fr\/liste-de-tarifs\/","og_locale":"fr_FR","og_type":"article","og_title":"Liste de tarifs","og_description":"Liste de tarifs - LAZEO - M\u00e9decine esth\u00e9tique - \u00c9pilation laser","og_url":"https:\/\/sharp-galois.217-154-146-230.plesk.page\/be-fr\/liste-de-tarifs\/","og_site_name":"LAZEO","article_publisher":"https:\/\/www.facebook.com\/lazeo.medecine.esthetique\/?locale=fr_FR","article_modified_time":"2025-07-10T14:22:48+00:00","twitter_card":"summary_large_image","twitter_misc":{"Dur\u00e9e de lecture est.":"1 minute"},"schema":{"@context":"https:\/\/schema.org","@graph":[{"@type":"WebPage","@id":"https:\/\/sharp-galois.217-154-146-230.plesk.page\/be-fr\/liste-de-tarifs\/","url":"https:\/\/sharp-galois.217-154-146-230.plesk.page\/be-fr\/liste-de-tarifs\/","name":"Liste de tarifs - LAZEO - M\u00e9decine esth\u00e9tique - \u00c9pilation laser","isPartOf":{"@id":"https:\/\/www.lazeo.com\/#website"},"datePublished":"2020-09-03T19:21:59+00:00","dateModified":"2025-07-10T14:22:48+00:00","description":"Liste de tarifs - LAZEO - M\u00e9decine esth\u00e9tique - \u00c9pilation laser","breadcrumb":{"@id":"https:\/\/sharp-galois.217-154-146-230.plesk.page\/be-fr\/liste-de-tarifs\/#breadcrumb"},"inLanguage":"fr-BE","potentialAction":[{"@type":"ReadAction","target":["https:\/\/sharp-galois.217-154-146-230.plesk.page\/be-fr\/liste-de-tarifs\/"]}]},{"@type":"BreadcrumbList","@id":"https:\/\/sharp-galois.217-154-146-230.plesk.page\/be-fr\/liste-de-tarifs\/#breadcrumb","itemListElement":[{"@type":"ListItem","position":1,"name":"Accueil","item":"https:\/\/sharp-galois.217-154-146-230.plesk.page\/be-fr\/accueil\/"},{"@type":"ListItem","position":2,"name":"Liste de tarifs"}]},{"@type":"WebSite","@id":"https:\/\/www.lazeo.com\/#website","url":"https:\/\/www.lazeo.com\/","name":"LAZEO","description":"M\u00e9decine esth\u00e9tique - \u00c9pilation laser","publisher":{"@id":"https:\/\/www.lazeo.com\/#organization"},"potentialAction":[{"@type":"SearchAction","target":{"@type":"EntryPoint","urlTemplate":"https:\/\/www.lazeo.com\/?s={search_term_string}"},"query-input":{"@type":"PropertyValueSpecification","valueRequired":true,"valueName":"search_term_string"}}],"inLanguage":"fr-BE"},{"@type":"Organization","@id":"https:\/\/www.lazeo.com\/#organization","name":"Lazeo","url":"https:\/\/www.lazeo.com\/","logo":{"@type":"ImageObject","inLanguage":"fr-BE","@id":"https:\/\/www.lazeo.com\/#\/schema\/logo\/image\/","url":"https:\/\/sharp-galois.217-154-146-230.plesk.page\/wp-content\/uploads\/favicon.svg","contentUrl":"https:\/\/sharp-galois.217-154-146-230.plesk.page\/wp-content\/uploads\/favicon.svg","width":1,"height":1,"caption":"Lazeo"},"image":{"@id":"https:\/\/www.lazeo.com\/#\/schema\/logo\/image\/"},"sameAs":["https:\/\/www.facebook.com\/lazeo.medecine.esthetique\/?locale=fr_FR","https:\/\/www.instagram.com\/lazeofrance\/","https:\/\/fr.pinterest.com\/LAZEOParis\/","https:\/\/www.youtube.com\/channel\/UCYsthzOvY6nXPJLAQ4BliBQ"]}]}},"_links":{"self":[{"href":"https:\/\/sharp-galois.217-154-146-230.plesk.page\/be-fr\/wp-json\/wp\/v2\/pages\/33110","targetHints":{"allow":["GET"]}}],"collection":[{"href":"https:\/\/sharp-galois.217-154-146-230.plesk.page\/be-fr\/wp-json\/wp\/v2\/pages"}],"about":[{"href":"https:\/\/sharp-galois.217-154-146-230.plesk.page\/be-fr\/wp-json\/wp\/v2\/types\/page"}],"author":[{"embeddable":true,"href":"https:\/\/sharp-galois.217-154-146-230.plesk.page\/be-fr\/wp-json\/wp\/v2\/users\/6"}],"replies":[{"embeddable":true,"href":"https:\/\/sharp-galois.217-154-146-230.plesk.page\/be-fr\/wp-json\/wp\/v2\/comments?post=33110"}],"version-history":[{"count":2,"href":"https:\/\/sharp-galois.217-154-146-230.plesk.page\/be-fr\/wp-json\/wp\/v2\/pages\/33110\/revisions"}],"predecessor-version":[{"id":86593,"href":"https:\/\/sharp-galois.217-154-146-230.plesk.page\/be-fr\/wp-json\/wp\/v2\/pages\/33110\/revisions\/86593"}],"wp:attachment":[{"href":"https:\/\/sharp-galois.217-154-146-230.plesk.page\/be-fr\/wp-json\/wp\/v2\/media?parent=33110"}],"curies":[{"name":"wp","href":"https:\/\/api.w.org\/{rel}","templated":true}]}}